{"id":1244,"date":"2024-09-19T14:57:13","date_gmt":"2024-09-19T12:57:13","guid":{"rendered":"https:\/\/letplanet.com\/?page_id=1244"},"modified":"2025-07-31T12:44:09","modified_gmt":"2025-07-31T10:44:09","slug":"politica-de-cookies","status":"publish","type":"page","link":"https:\/\/letplanet.com\/en\/politica-de-cookies\/","title":{"rendered":"Pol\u00edtica de Cookies"},"content":{"rendered":"<div data-elementor-type=\"wp-page\" data-elementor-id=\"1244\" class=\"elementor elementor-1244\" data-elementor-post-type=\"page\">\n\t\t\t\t<div class=\"elementor-element elementor-element-0800a63 e-flex e-con-boxed e-con e-parent\" data-id=\"0800a63\" data-element_type=\"container\" data-e-type=\"container\">\n\t\t\t\t\t<div class=\"e-con-inner\">\n\t\t\t\t<div class=\"elementor-element elementor-element-07e8379 elementor-widget elementor-widget-heading\" data-id=\"07e8379\" data-element_type=\"widget\" data-e-type=\"widget\" data-widget_type=\"heading.default\">\n\t\t\t\t<div class=\"elementor-widget-container\">\n\t\t\t\t\t<h1 class=\"elementor-heading-title elementor-size-default\">Pol\u00edtica de Cookies<\/h1>\t\t\t\t<\/div>\n\t\t\t\t<\/div>\n\t\t\t\t<div class=\"elementor-element elementor-element-f29caa2 elementor-widget elementor-widget-text-editor\" data-id=\"f29caa2\" data-element_type=\"widget\" data-e-type=\"widget\" data-widget_type=\"text-editor.default\">\n\t\t\t\t<div class=\"elementor-widget-container\">\n\t\t\t\t\t\t\t\t\t<p><style>a.cky-banner-element {<br \/> padding: 8px 30px;<br \/>  background: #F8F9FA;<br \/>  color: #858A8F;<br \/>  border: 1px solid #DEE2E6;<br \/>        box-sizing: border-box;<br \/>  border-radius: 2px;<br \/>  cursor: pointer;<br \/> }<br \/><\/style><\/p><h2>\u00bfQu\u00e9 son las cookies?<\/h2><div class=\"cookie-policy-p\"><p>Esta Pol\u00edtica de Cookies explica qu\u00e9 son las cookies y c\u00f3mo las utilizamos, los tipos de cookies que utilizamos, es decir, la informaci\u00f3n que recopilamos mediante cookies y c\u00f3mo se utiliza esa informaci\u00f3n, y c\u00f3mo gestionar la configuraci\u00f3n de las cookies.<\/p><p>Las cookies son peque\u00f1os archivos de texto que se utilizan para almacenar peque\u00f1as piezas de informaci\u00f3n. Se almacenan en su dispositivo cuando el sitio web se carga en su navegador. Estas cookies nos ayudan a que el sitio web funcione correctamente, lo hacen m\u00e1s seguro, proporcionan una mejor experiencia de usuario y nos permiten comprender c\u00f3mo funciona el sitio web y analizar lo que funciona y d\u00f3nde necesita mejoras.<\/p><\/div><h2>\u00bfC\u00f3mo utilizamos las cookies?<\/h2><div class=\"cookie-policy-p\"><p>Al igual que la mayor\u00eda de los servicios en l\u00ednea, nuestro sitio web utiliza cookies de primera y tercera parte con varios prop\u00f3sitos. Las cookies de primera parte son principalmente necesarias para que el sitio web funcione de la manera correcta y no recopilan ning\u00fan dato personal identificable.<\/p><p>Las cookies de tercera parte utilizadas en nuestro sitio web se utilizan principalmente para comprender c\u00f3mo funciona el sitio web, c\u00f3mo interact\u00faa con nuestro sitio web, mantener seguros nuestros servicios, proporcionar anuncios relevantes para usted y, en general, ofrecer una experiencia de usuario mejorada y ayudar a acelerar sus interacciones futuras con nuestro sitio web.<\/p><\/div><h2>Tipos de cookies que utilizamos<\/h2><h3 style=\"margin-bottom: 20px;\">Gestionar preferencias de cookies<\/h3><p><a class=\"cky-banner-element\">Configuraci\u00f3n de cookies<\/a><\/p><div><p>Puede cambiar sus preferencias de cookies en cualquier momento haciendo clic en el bot\u00f3n anterior. Esto le permitir\u00e1 volver a visitar el banner de consentimiento de cookies y cambiar sus preferencias o retirar su consentimiento de inmediato.<\/p><p>Adem\u00e1s, los diferentes navegadores ofrecen diferentes m\u00e9todos para bloquear y eliminar las cookies utilizadas por los sitios web. Puede cambiar la configuraci\u00f3n de su navegador para bloquear o eliminar las cookies. A continuaci\u00f3n, se muestran enlaces a documentos de soporte sobre c\u00f3mo gestionar y eliminar las cookies en los principales navegadores web.<\/p><p>Chrome: <a href=\"https:\/\/support.google.com\/accounts\/answer\/32050\" target=\"_blank\" rel=\"noopener noreferrer\">https:\/\/support.google.com\/accounts\/answer\/32050<\/a><\/p><p>Safari: <a href=\"https:\/\/support.apple.com\/en-in\/guide\/safari\/sfri11471\/mac\" target=\"_blank\" rel=\"noopener noreferrer\">https:\/\/support.apple.com\/en-in\/guide\/safari\/sfri11471\/mac<\/a><\/p><p>Firefox: <a href=\"https:\/\/support.mozilla.org\/en-US\/kb\/clear-cookies-and-site-data-firefox?redirectslug=delete-cookies-remove-info-websites-stored&amp;redirectlocale=en-US\" target=\"_blank\" rel=\"noopener noreferrer\">https:\/\/support.mozilla.org\/en-US\/kb\/clear-cookies-and-site-data-firefox?redirectslug=delete-cookies-remove-info-websites-stored&amp;redirectlocale=en-US<\/a><\/p><p>Internet Explorer: <a href=\"https:\/\/support.microsoft.com\/en-us\/topic\/how-to-delete-cookie-files-in-internet-explorer-bca9446f-d873-78de-77ba-d42645fa52fc\" target=\"_blank\" rel=\"noopener noreferrer\">https:\/\/support.microsoft.com\/en-us\/topic\/how-to-delete-cookie-files-in-internet-explorer-bca9446f-d873-78de-77ba-d42645fa52fc<\/a><\/p><p>Si utiliza cualquier otro navegador, consulte la documentaci\u00f3n oficial de su navegador.<\/p><\/div><p class=\"cookie-policy-p\">Pol\u00edtica de Cookies generada por <a href=\"https:\/\/www.cookieyes.com\/?utm_source=CP&amp;utm_medium=footer&amp;utm_campaign=UW\" target=\"_blank\" rel=\"noopener\">CookieYes &#8211; Generador de Pol\u00edtica de Cookies<\/a>.<\/p><p>Fecha de vigencia: 18-Oct-2023<br \/>\u00daltima actualizaci\u00f3n: 18-Sep-2024<\/p>\t\t\t\t\t\t\t\t<\/div>\n\t\t\t\t<\/div>\n\t\t\t\t\t<\/div>\n\t\t\t\t<\/div>\n\t\t\t\t<\/div>","protected":false},"excerpt":{"rendered":"<p>\u00bfQu\u00e9 son las cookies? Esta Pol\u00edtica de Cookies explica qu\u00e9 son las cookies y c\u00f3mo las utilizamos, los tipos de [&hellip;]<\/p>\n","protected":false},"author":1,"featured_media":0,"parent":0,"menu_order":0,"comment_status":"closed","ping_status":"closed","template":"","meta":{"_acf_changed":false,"site-sidebar-layout":"no-sidebar","site-content-layout":"","ast-site-content-layout":"full-width-container","site-content-style":"default","site-sidebar-style":"default","ast-global-header-display":"","ast-banner-title-visibility":"","ast-main-header-display":"","ast-hfb-above-header-display":"","ast-hfb-below-header-display":"","ast-hfb-mobile-header-display":"","site-post-title":"disabled","ast-breadcrumbs-content":"","ast-featured-img":"disabled","footer-sml-layout":"","ast-disable-related-posts":"","theme-transparent-header-meta":"","adv-header-id-meta":"","stick-header-meta":"","header-above-stick-meta":"","header-main-stick-meta":"","header-below-stick-meta":"","astra-migrate-meta-layouts":"default","ast-page-background-enabled":"default","ast-page-background-meta":{"desktop":{"background-color":"var(--ast-global-color-4)","background-image":"","background-repeat":"repeat","background-position":"center center","background-size":"auto","background-attachment":"scroll","background-type":"","background-media":"","overlay-type":"","overlay-color":"","overlay-opacity":"","overlay-gradient":""},"tablet":{"background-color":"","background-image":"","background-repeat":"repeat","background-position":"center center","background-size":"auto","background-attachment":"scroll","background-type":"","background-media":"","overlay-type":"","overlay-color":"","overlay-opacity":"","overlay-gradient":""},"mobile":{"background-color":"","background-image":"","background-repeat":"repeat","background-position":"center center","background-size":"auto","background-attachment":"scroll","background-type":"","background-media":"","overlay-type":"","overlay-color":"","overlay-opacity":"","overlay-gradient":""}},"ast-content-background-meta":{"desktop":{"background-color":"var(--ast-global-color-5)","background-image":"","background-repeat":"repeat","background-position":"center center","background-size":"auto","background-attachment":"scroll","background-type":"","background-media":"","overlay-type":"","overlay-color":"","overlay-opacity":"","overlay-gradient":""},"tablet":{"background-color":"var(--ast-global-color-5)","background-image":"","background-repeat":"repeat","background-position":"center center","background-size":"auto","background-attachment":"scroll","background-type":"","background-media":"","overlay-type":"","overlay-color":"","overlay-opacity":"","overlay-gradient":""},"mobile":{"background-color":"var(--ast-global-color-5)","background-image":"","background-repeat":"repeat","background-position":"center center","background-size":"auto","background-attachment":"scroll","background-type":"","background-media":"","overlay-type":"","overlay-color":"","overlay-opacity":"","overlay-gradient":""}},"_joinchat":[],"footnotes":""},"class_list":["post-1244","page","type-page","status-publish","hentry"],"acf":[],"yoast_head":"<!-- This site is optimized with the Yoast SEO plugin v27.4 - https:\/\/yoast.com\/product\/yoast-seo-wordpress\/ -->\n<title>Pol\u00edtica de Cookies -<\/title>\n<meta name=\"description\" content=\"Pol\u00edtica de cookies LetPlanet: conoce qu\u00e9 cookies usamos, con qu\u00e9 fines y c\u00f3mo puedes gestionarlas para mejorar tu experiencia en la web.\" \/>\n<meta name=\"robots\" content=\"index, follow, max-snippet:-1, max-image-preview:large, max-video-preview:-1\" \/>\n<link rel=\"canonical\" href=\"https:\/\/letplanet.com\/en\/politica-de-cookies\/\" \/>\n<meta property=\"og:locale\" content=\"en_GB\" \/>\n<meta property=\"og:type\" content=\"article\" \/>\n<meta property=\"og:title\" content=\"Pol\u00edtica de Cookies -\" \/>\n<meta property=\"og:description\" content=\"Pol\u00edtica de cookies LetPlanet: conoce qu\u00e9 cookies usamos, con qu\u00e9 fines y c\u00f3mo puedes gestionarlas para mejorar tu experiencia en la web.\" \/>\n<meta property=\"og:url\" content=\"https:\/\/letplanet.com\/en\/politica-de-cookies\/\" \/>\n<meta property=\"article:publisher\" content=\"https:\/\/www.facebook.com\/Letmalaga\" \/>\n<meta property=\"article:modified_time\" content=\"2025-07-31T10:44:09+00:00\" \/>\n<meta property=\"og:image\" content=\"https:\/\/letplanet.com\/wp-content\/uploads\/2025\/07\/Logos-2.png\" \/>\n\t<meta property=\"og:image:width\" content=\"1563\" \/>\n\t<meta property=\"og:image:height\" content=\"1563\" \/>\n\t<meta property=\"og:image:type\" content=\"image\/png\" \/>\n<meta name=\"twitter:card\" content=\"summary_large_image\" \/>\n<meta name=\"twitter:label1\" content=\"Estimated reading time\" \/>\n\t<meta name=\"twitter:data1\" content=\"2 minutes\" \/>\n<script type=\"application\/ld+json\" class=\"yoast-schema-graph\">{\"@context\":\"https:\\\/\\\/schema.org\",\"@graph\":[{\"@type\":\"WebPage\",\"@id\":\"https:\\\/\\\/letplanet.com\\\/politica-de-cookies\\\/\",\"url\":\"https:\\\/\\\/letplanet.com\\\/politica-de-cookies\\\/\",\"name\":\"Pol\u00edtica de Cookies -\",\"isPartOf\":{\"@id\":\"https:\\\/\\\/letplanet.com\\\/#website\"},\"datePublished\":\"2024-09-19T12:57:13+00:00\",\"dateModified\":\"2025-07-31T10:44:09+00:00\",\"description\":\"Pol\u00edtica de cookies LetPlanet: conoce qu\u00e9 cookies usamos, con qu\u00e9 fines y c\u00f3mo puedes gestionarlas para mejorar tu experiencia en la web.\",\"breadcrumb\":{\"@id\":\"https:\\\/\\\/letplanet.com\\\/politica-de-cookies\\\/#breadcrumb\"},\"inLanguage\":\"en-GB\",\"potentialAction\":[{\"@type\":\"ReadAction\",\"target\":[\"https:\\\/\\\/letplanet.com\\\/politica-de-cookies\\\/\"]}]},{\"@type\":\"BreadcrumbList\",\"@id\":\"https:\\\/\\\/letplanet.com\\\/politica-de-cookies\\\/#breadcrumb\",\"itemListElement\":[{\"@type\":\"ListItem\",\"position\":1,\"name\":\"Portada\",\"item\":\"https:\\\/\\\/letplanet.com\\\/\"},{\"@type\":\"ListItem\",\"position\":2,\"name\":\"Pol\u00edtica de Cookies\"}]},{\"@type\":\"WebSite\",\"@id\":\"https:\\\/\\\/letplanet.com\\\/#website\",\"url\":\"https:\\\/\\\/letplanet.com\\\/\",\"name\":\"LetPlanet\",\"description\":\"Apartamentos tur\u00edsticos en M\u00e1laga\",\"publisher\":{\"@id\":\"https:\\\/\\\/letplanet.com\\\/#organization\"},\"alternateName\":\"letplanet\",\"potentialAction\":[{\"@type\":\"SearchAction\",\"target\":{\"@type\":\"EntryPoint\",\"urlTemplate\":\"https:\\\/\\\/letplanet.com\\\/?s={search_term_string}\"},\"query-input\":{\"@type\":\"PropertyValueSpecification\",\"valueRequired\":true,\"valueName\":\"search_term_string\"}}],\"inLanguage\":\"en-GB\"},{\"@type\":\"Organization\",\"@id\":\"https:\\\/\\\/letplanet.com\\\/#organization\",\"name\":\"LetPlanet\",\"url\":\"https:\\\/\\\/letplanet.com\\\/\",\"logo\":{\"@type\":\"ImageObject\",\"inLanguage\":\"en-GB\",\"@id\":\"https:\\\/\\\/letplanet.com\\\/#\\\/schema\\\/logo\\\/image\\\/\",\"url\":\"https:\\\/\\\/letplanet.com\\\/wp-content\\\/uploads\\\/2024\\\/07\\\/Logo_let_planet.png\",\"contentUrl\":\"https:\\\/\\\/letplanet.com\\\/wp-content\\\/uploads\\\/2024\\\/07\\\/Logo_let_planet.png\",\"width\":329,\"height\":66,\"caption\":\"LetPlanet\"},\"image\":{\"@id\":\"https:\\\/\\\/letplanet.com\\\/#\\\/schema\\\/logo\\\/image\\\/\"},\"sameAs\":[\"https:\\\/\\\/www.facebook.com\\\/Letmalaga\",\"https:\\\/\\\/www.instagram.com\\\/letplanetmoments\\\/\"]}]}<\/script>\n<!-- \/ Yoast SEO plugin. -->","yoast_head_json":{"title":"Pol\u00edtica de Cookies -","description":"Pol\u00edtica de cookies LetPlanet: conoce qu\u00e9 cookies usamos, con qu\u00e9 fines y c\u00f3mo puedes gestionarlas para mejorar tu experiencia en la web.","robots":{"index":"index","follow":"follow","max-snippet":"max-snippet:-1","max-image-preview":"max-image-preview:large","max-video-preview":"max-video-preview:-1"},"canonical":"https:\/\/letplanet.com\/en\/politica-de-cookies\/","og_locale":"en_GB","og_type":"article","og_title":"Pol\u00edtica de Cookies -","og_description":"Pol\u00edtica de cookies LetPlanet: conoce qu\u00e9 cookies usamos, con qu\u00e9 fines y c\u00f3mo puedes gestionarlas para mejorar tu experiencia en la web.","og_url":"https:\/\/letplanet.com\/en\/politica-de-cookies\/","article_publisher":"https:\/\/www.facebook.com\/Letmalaga","article_modified_time":"2025-07-31T10:44:09+00:00","og_image":[{"width":1563,"height":1563,"url":"https:\/\/letplanet.com\/wp-content\/uploads\/2025\/07\/Logos-2.png","type":"image\/png"}],"twitter_card":"summary_large_image","twitter_misc":{"Estimated reading time":"2 minutes"},"schema":{"@context":"https:\/\/schema.org","@graph":[{"@type":"WebPage","@id":"https:\/\/letplanet.com\/politica-de-cookies\/","url":"https:\/\/letplanet.com\/politica-de-cookies\/","name":"Pol\u00edtica de Cookies -","isPartOf":{"@id":"https:\/\/letplanet.com\/#website"},"datePublished":"2024-09-19T12:57:13+00:00","dateModified":"2025-07-31T10:44:09+00:00","description":"Pol\u00edtica de cookies LetPlanet: conoce qu\u00e9 cookies usamos, con qu\u00e9 fines y c\u00f3mo puedes gestionarlas para mejorar tu experiencia en la web.","breadcrumb":{"@id":"https:\/\/letplanet.com\/politica-de-cookies\/#breadcrumb"},"inLanguage":"en-GB","potentialAction":[{"@type":"ReadAction","target":["https:\/\/letplanet.com\/politica-de-cookies\/"]}]},{"@type":"BreadcrumbList","@id":"https:\/\/letplanet.com\/politica-de-cookies\/#breadcrumb","itemListElement":[{"@type":"ListItem","position":1,"name":"Portada","item":"https:\/\/letplanet.com\/"},{"@type":"ListItem","position":2,"name":"Pol\u00edtica de Cookies"}]},{"@type":"WebSite","@id":"https:\/\/letplanet.com\/#website","url":"https:\/\/letplanet.com\/","name":"LetPlanet","description":"Tourist flats in Malaga","publisher":{"@id":"https:\/\/letplanet.com\/#organization"},"alternateName":"letplanet","potentialAction":[{"@type":"SearchAction","target":{"@type":"EntryPoint","urlTemplate":"https:\/\/letplanet.com\/?s={search_term_string}"},"query-input":{"@type":"PropertyValueSpecification","valueRequired":true,"valueName":"search_term_string"}}],"inLanguage":"en-GB"},{"@type":"Organization","@id":"https:\/\/letplanet.com\/#organization","name":"LetPlanet","url":"https:\/\/letplanet.com\/","logo":{"@type":"ImageObject","inLanguage":"en-GB","@id":"https:\/\/letplanet.com\/#\/schema\/logo\/image\/","url":"https:\/\/letplanet.com\/wp-content\/uploads\/2024\/07\/Logo_let_planet.png","contentUrl":"https:\/\/letplanet.com\/wp-content\/uploads\/2024\/07\/Logo_let_planet.png","width":329,"height":66,"caption":"LetPlanet"},"image":{"@id":"https:\/\/letplanet.com\/#\/schema\/logo\/image\/"},"sameAs":["https:\/\/www.facebook.com\/Letmalaga","https:\/\/www.instagram.com\/letplanetmoments\/"]}]}},"_links":{"self":[{"href":"https:\/\/letplanet.com\/en\/wp-json\/wp\/v2\/pages\/1244","targetHints":{"allow":["GET"]}}],"collection":[{"href":"https:\/\/letplanet.com\/en\/wp-json\/wp\/v2\/pages"}],"about":[{"href":"https:\/\/letplanet.com\/en\/wp-json\/wp\/v2\/types\/page"}],"author":[{"embeddable":true,"href":"https:\/\/letplanet.com\/en\/wp-json\/wp\/v2\/users\/1"}],"replies":[{"embeddable":true,"href":"https:\/\/letplanet.com\/en\/wp-json\/wp\/v2\/comments?post=1244"}],"version-history":[{"count":25,"href":"https:\/\/letplanet.com\/en\/wp-json\/wp\/v2\/pages\/1244\/revisions"}],"predecessor-version":[{"id":2658,"href":"https:\/\/letplanet.com\/en\/wp-json\/wp\/v2\/pages\/1244\/revisions\/2658"}],"wp:attachment":[{"href":"https:\/\/letplanet.com\/en\/wp-json\/wp\/v2\/media?parent=1244"}],"curies":[{"name":"wp","href":"https:\/\/api.w.org\/{rel}","templated":true}]}}