{"id":26,"date":"2024-07-29T09:59:19","date_gmt":"2024-07-29T07:59:19","guid":{"rendered":"https:\/\/letplanet.com\/?page_id=26"},"modified":"2025-07-29T12:49:04","modified_gmt":"2025-07-29T10:49:04","slug":"pedregalejo-el-palo","status":"publish","type":"page","link":"https:\/\/letplanet.com\/en\/apartamentos-turisticos-en-malaga\/pedregalejo-el-palo\/","title":{"rendered":"Apartamentos tur\u00edsticos en Pedregalejo &#8211; El Palo"},"content":{"rendered":"\t\t<div data-elementor-type=\"wp-page\" data-elementor-id=\"26\" class=\"elementor elementor-26\" data-elementor-post-type=\"page\">\n\t\t\t\t<div class=\"elementor-element elementor-element-1f0b6f4 e-con-full e-flex e-con e-parent\" data-id=\"1f0b6f4\" data-element_type=\"container\" data-e-type=\"container\" data-settings=\"{&quot;background_background&quot;:&quot;classic&quot;}\">\n\t\t\t\t<div class=\"elementor-element elementor-element-709215f elementor-widget elementor-widget-heading\" data-id=\"709215f\" data-element_type=\"widget\" data-e-type=\"widget\" data-widget_type=\"heading.default\">\n\t\t\t\t<div class=\"elementor-widget-container\">\n\t\t\t\t\t<h1 class=\"elementor-heading-title elementor-size-default\">Apartamentos Tur\u00edsticos en Pedregalejo - El Palo<\/h1>\t\t\t\t<\/div>\n\t\t\t\t<\/div>\n\t\t\t\t<\/div>\n\t\t<div class=\"elementor-element elementor-element-6b22f8e e-flex e-con-boxed e-con e-parent\" data-id=\"6b22f8e\" data-element_type=\"container\" data-e-type=\"container\">\n\t\t\t\t\t<div class=\"e-con-inner\">\n\t\t\t\t<div class=\"elementor-element elementor-element-825a8de elementor-widget elementor-widget-text-editor\" data-id=\"825a8de\" data-element_type=\"widget\" data-e-type=\"widget\" data-widget_type=\"text-editor.default\">\n\t\t\t\t<div class=\"elementor-widget-container\">\n\t\t\t\t\t\t\t\t\t<p>En LetPlanet, queremos que descubras <strong>el encanto de nuestro apartamento en Pedregalejo y El Palo<\/strong>. Estas zonas de M\u00e1laga son perfectas para quienes buscan <strong>relajarse cerca del mar<\/strong> sin alejarse demasiado de la ciudad.<\/p><p>Pedregalejo y El Palo se conocen por sus <strong>playas tranquilas y su ambiente relajado<\/strong>. Aqu\u00ed podr\u00e1s disfrutar de paseos por el paseo mar\u00edtimo, <strong>contemplar el mar y disfrutar la tranquilidad de la zona<\/strong>. Adem\u00e1s, estas \u00e1reas son ideales para los amantes de la gastronom\u00eda, con <strong>muchos chiringuitos y restaurantes que ofrecen pescado fresco, mariscos y la t\u00edpica cocina andaluza<\/strong>.<\/p><p>Nuestros apartamentos en El Palo y Pedregalejo est\u00e1n <strong>dise\u00f1ados para que te sientas c\u00f3modo<\/strong>, <strong>con terrazas con vistas al mar, cocinas equipadas y dise\u00f1os t\u00edpicos de la zona<\/strong> para que vivas la experiencia como un verdadero residente local.<\/p><p>La <strong>ubicaci\u00f3n es ideal<\/strong> para explorar la naturaleza y disfrutar de actividades al aire libre, como senderismo en los Montes de M\u00e1laga o paseos en bicicleta por la costa. Tambi\u00e9n estar\u00e1s <strong>bien conectado con el centro de la ciudad<\/strong> gracias al transporte p\u00fablico, lo que te permitir\u00e1 acceder f\u00e1cilmente a todas las atracciones tur\u00edsticas de M\u00e1laga.<\/p><p>No te pierdas la oportunidad de disfrutar de Pedregalejo y El Palo. Reserva tu estancia con LetPlanet y descubre M\u00e1laga de una manera diferente. \u00a1Te esperamos!<\/p>\t\t\t\t\t\t\t\t<\/div>\n\t\t\t\t<\/div>\n\t\t\t\t\t<\/div>\n\t\t\t\t<\/div>\n\t\t<div class=\"elementor-element elementor-element-67a6f3c e-flex e-con-boxed e-con e-parent\" data-id=\"67a6f3c\" data-element_type=\"container\" data-e-type=\"container\">\n\t\t\t\t\t<div class=\"e-con-inner\">\n\t\t\t\t<div class=\"elementor-element elementor-element-7c43fc3 elementor-widget elementor-widget-html\" data-id=\"7c43fc3\" data-element_type=\"widget\" data-e-type=\"widget\" data-widget_type=\"html.default\">\n\t\t\t\t<div class=\"elementor-widget-container\">\n\t\t\t\t\t<div>\r\n    <style>\r\n    .icnea-iframe-container {\r\n    width:100%;\r\n    overflow-x:hidden;\r\n    }\r\n    .icnea-iframe {\r\n    width:calc(100% + 15px);\r\n    height:99.5vh;\r\n    }\r\n    <\/style>\r\n<div class='icnea-iframe-container'>\r\n    <iframe class='icnea-iframe' src='https:\/\/letplanet.icnea.net\/?idi=3&gro=210'\r\nframeborder=\"0\" onload=\"window.scrollTo(0,0)\"><\/iframe>\r\n<\/div>\r\n<script>\r\n    if (window.location.search) {\r\n        const arrival = get('arrival') || '';\r\n        const departure = get('departure') || '';\r\n        const guests = get('guests') || '';\r\n        const destination = get('destination') || '';\r\n        const gro = get('gro') || '';\r\n        const idi = get('idi') || 2;\r\n        if (arrival && departure && guests) {\r\n            let qparams =`?idi=${idi}&arrival=${arrival}&departure=${departure}&guests=${guests}&destination=${destination}`;\r\n            if(gro) {\r\n                qparams += `&gro=${gro}`;\r\n            }\r\n            document.querySelector('iframe.icnea-iframe').src ='https:\/\/letplanet.icnea.net' + qparams;\r\n        }\r\n    }\r\n    function get(name) {\r\n        if (name = (new RegExp('[?&]' + encodeURIComponent(name) +\r\n        \r\n        '=([^&]*)')).exec(location.search)) {\r\n        \r\n        return decodeURIComponent(name[1]);\r\n        }\r\n    }\r\n<\/script>\r\n<\/div>t>\t\t\t\t<\/div>\n\t\t\t\t<\/div>\n\t\t\t\t\t<\/div>\n\t\t\t\t<\/div>\n\t\t\t\t<\/div>\n\t\t","protected":false},"excerpt":{"rendered":"<p>Apartamentos Tur\u00edsticos en Pedregalejo &#8211; El Palo En LetPlanet, queremos que descubras el encanto de nuestro apartamento en Pedregalejo y [&hellip;]<\/p>\n","protected":false},"author":1,"featured_media":0,"parent":11,"menu_order":0,"comment_status":"closed","ping_status":"closed","template":"","meta":{"_acf_changed":false,"site-sidebar-layout":"no-sidebar","site-content-layout":"","ast-site-content-layout":"full-width-container","site-content-style":"default","site-sidebar-style":"default","ast-global-header-display":"","ast-banner-title-visibility":"","ast-main-header-display":"","ast-hfb-above-header-display":"","ast-hfb-below-header-display":"","ast-hfb-mobile-header-display":"","site-post-title":"disabled","ast-breadcrumbs-content":"","ast-featured-img":"disabled","footer-sml-layout":"","ast-disable-related-posts":"","theme-transparent-header-meta":"","adv-header-id-meta":"","stick-header-meta":"","header-above-stick-meta":"","header-main-stick-meta":"","header-below-stick-meta":"","astra-migrate-meta-layouts":"default","ast-page-background-enabled":"default","ast-page-background-meta":{"desktop":{"background-color":"var(--ast-global-color-4)","background-image":"","background-repeat":"repeat","background-position":"center center","background-size":"auto","background-attachment":"scroll","background-type":"","background-media":"","overlay-type":"","overlay-color":"","overlay-opacity":"","overlay-gradient":""},"tablet":{"background-color":"","background-image":"","background-repeat":"repeat","background-position":"center center","background-size":"auto","background-attachment":"scroll","background-type":"","background-media":"","overlay-type":"","overlay-color":"","overlay-opacity":"","overlay-gradient":""},"mobile":{"background-color":"","background-image":"","background-repeat":"repeat","background-position":"center center","background-size":"auto","background-attachment":"scroll","background-type":"","background-media":"","overlay-type":"","overlay-color":"","overlay-opacity":"","overlay-gradient":""}},"ast-content-background-meta":{"desktop":{"background-color":"var(--ast-global-color-5)","background-image":"","background-repeat":"repeat","background-position":"center center","background-size":"auto","background-attachment":"scroll","background-type":"","background-media":"","overlay-type":"","overlay-color":"","overlay-opacity":"","overlay-gradient":""},"tablet":{"background-color":"var(--ast-global-color-5)","background-image":"","background-repeat":"repeat","background-position":"center center","background-size":"auto","background-attachment":"scroll","background-type":"","background-media":"","overlay-type":"","overlay-color":"","overlay-opacity":"","overlay-gradient":""},"mobile":{"background-color":"var(--ast-global-color-5)","background-image":"","background-repeat":"repeat","background-position":"center center","background-size":"auto","background-attachment":"scroll","background-type":"","background-media":"","overlay-type":"","overlay-color":"","overlay-opacity":"","overlay-gradient":""}},"_joinchat":[],"footnotes":""},"class_list":["post-26","page","type-page","status-publish","hentry"],"acf":[],"yoast_head":"<!-- This site is optimized with the Yoast SEO plugin v27.4 - https:\/\/yoast.com\/product\/yoast-seo-wordpress\/ -->\n<title>Apartamentos tur\u00edsticos en Pedregalejo - El Palo -<\/title>\n<meta name=\"description\" content=\"Descubre nuestros exclusivos apartamentos a pie de playa, situado en la zona de Pedregalejo y el Palo. \u00a1Reserva ahora con LetPlanet!\" \/>\n<meta name=\"robots\" content=\"index, follow, max-snippet:-1, max-image-preview:large, max-video-preview:-1\" \/>\n<link rel=\"canonical\" href=\"https:\/\/letplanet.com\/en\/apartamentos-turisticos-en-malaga\/pedregalejo-el-palo\/\" \/>\n<meta property=\"og:locale\" content=\"en_GB\" \/>\n<meta property=\"og:type\" content=\"article\" \/>\n<meta property=\"og:title\" content=\"Apartamentos tur\u00edsticos en Pedregalejo - El Palo -\" \/>\n<meta property=\"og:description\" content=\"Descubre nuestros exclusivos apartamentos a pie de playa, situado en la zona de Pedregalejo y el Palo. \u00a1Reserva ahora con LetPlanet!\" \/>\n<meta property=\"og:url\" content=\"https:\/\/letplanet.com\/en\/apartamentos-turisticos-en-malaga\/pedregalejo-el-palo\/\" \/>\n<meta property=\"article:publisher\" content=\"https:\/\/www.facebook.com\/Letmalaga\" \/>\n<meta property=\"article:modified_time\" content=\"2025-07-29T10:49:04+00:00\" \/>\n<meta property=\"og:image\" content=\"https:\/\/letplanet.com\/wp-content\/uploads\/2025\/07\/Logos-2.png\" \/>\n\t<meta property=\"og:image:width\" content=\"1563\" \/>\n\t<meta property=\"og:image:height\" content=\"1563\" \/>\n\t<meta property=\"og:image:type\" content=\"image\/png\" \/>\n<meta name=\"twitter:card\" content=\"summary_large_image\" \/>\n<meta name=\"twitter:label1\" content=\"Estimated reading time\" \/>\n\t<meta name=\"twitter:data1\" content=\"2 minutes\" \/>\n<script type=\"application\/ld+json\" class=\"yoast-schema-graph\">{\"@context\":\"https:\\\/\\\/schema.org\",\"@graph\":[{\"@type\":\"WebPage\",\"@id\":\"https:\\\/\\\/letplanet.com\\\/apartamentos-turisticos-en-malaga\\\/pedregalejo-el-palo\\\/\",\"url\":\"https:\\\/\\\/letplanet.com\\\/apartamentos-turisticos-en-malaga\\\/pedregalejo-el-palo\\\/\",\"name\":\"Apartamentos tur\u00edsticos en Pedregalejo - El Palo -\",\"isPartOf\":{\"@id\":\"https:\\\/\\\/letplanet.com\\\/#website\"},\"datePublished\":\"2024-07-29T07:59:19+00:00\",\"dateModified\":\"2025-07-29T10:49:04+00:00\",\"description\":\"Descubre nuestros exclusivos apartamentos a pie de playa, situado en la zona de Pedregalejo y el Palo. \u00a1Reserva ahora con LetPlanet!\",\"breadcrumb\":{\"@id\":\"https:\\\/\\\/letplanet.com\\\/apartamentos-turisticos-en-malaga\\\/pedregalejo-el-palo\\\/#breadcrumb\"},\"inLanguage\":\"en-GB\",\"potentialAction\":[{\"@type\":\"ReadAction\",\"target\":[\"https:\\\/\\\/letplanet.com\\\/apartamentos-turisticos-en-malaga\\\/pedregalejo-el-palo\\\/\"]}]},{\"@type\":\"BreadcrumbList\",\"@id\":\"https:\\\/\\\/letplanet.com\\\/apartamentos-turisticos-en-malaga\\\/pedregalejo-el-palo\\\/#breadcrumb\",\"itemListElement\":[{\"@type\":\"ListItem\",\"position\":1,\"name\":\"Portada\",\"item\":\"https:\\\/\\\/letplanet.com\\\/\"},{\"@type\":\"ListItem\",\"position\":2,\"name\":\"Apartamentos\",\"item\":\"https:\\\/\\\/letplanet.com\\\/apartamentos-turisticos-en-malaga\\\/\"},{\"@type\":\"ListItem\",\"position\":3,\"name\":\"Apartamentos tur\u00edsticos en Pedregalejo &#8211; El Palo\"}]},{\"@type\":\"WebSite\",\"@id\":\"https:\\\/\\\/letplanet.com\\\/#website\",\"url\":\"https:\\\/\\\/letplanet.com\\\/\",\"name\":\"LetPlanet\",\"description\":\"Apartamentos tur\u00edsticos en M\u00e1laga\",\"publisher\":{\"@id\":\"https:\\\/\\\/letplanet.com\\\/#organization\"},\"alternateName\":\"letplanet\",\"potentialAction\":[{\"@type\":\"SearchAction\",\"target\":{\"@type\":\"EntryPoint\",\"urlTemplate\":\"https:\\\/\\\/letplanet.com\\\/?s={search_term_string}\"},\"query-input\":{\"@type\":\"PropertyValueSpecification\",\"valueRequired\":true,\"valueName\":\"search_term_string\"}}],\"inLanguage\":\"en-GB\"},{\"@type\":\"Organization\",\"@id\":\"https:\\\/\\\/letplanet.com\\\/#organization\",\"name\":\"LetPlanet\",\"url\":\"https:\\\/\\\/letplanet.com\\\/\",\"logo\":{\"@type\":\"ImageObject\",\"inLanguage\":\"en-GB\",\"@id\":\"https:\\\/\\\/letplanet.com\\\/#\\\/schema\\\/logo\\\/image\\\/\",\"url\":\"https:\\\/\\\/letplanet.com\\\/wp-content\\\/uploads\\\/2024\\\/07\\\/Logo_let_planet.png\",\"contentUrl\":\"https:\\\/\\\/letplanet.com\\\/wp-content\\\/uploads\\\/2024\\\/07\\\/Logo_let_planet.png\",\"width\":329,\"height\":66,\"caption\":\"LetPlanet\"},\"image\":{\"@id\":\"https:\\\/\\\/letplanet.com\\\/#\\\/schema\\\/logo\\\/image\\\/\"},\"sameAs\":[\"https:\\\/\\\/www.facebook.com\\\/Letmalaga\",\"https:\\\/\\\/www.instagram.com\\\/letplanetmoments\\\/\"]}]}<\/script>\n<!-- \/ Yoast SEO plugin. -->","yoast_head_json":{"title":"Apartamentos tur\u00edsticos en Pedregalejo - El Palo -","description":"Descubre nuestros exclusivos apartamentos a pie de playa, situado en la zona de Pedregalejo y el Palo. \u00a1Reserva ahora con LetPlanet!","robots":{"index":"index","follow":"follow","max-snippet":"max-snippet:-1","max-image-preview":"max-image-preview:large","max-video-preview":"max-video-preview:-1"},"canonical":"https:\/\/letplanet.com\/en\/apartamentos-turisticos-en-malaga\/pedregalejo-el-palo\/","og_locale":"en_GB","og_type":"article","og_title":"Apartamentos tur\u00edsticos en Pedregalejo - El Palo -","og_description":"Descubre nuestros exclusivos apartamentos a pie de playa, situado en la zona de Pedregalejo y el Palo. \u00a1Reserva ahora con LetPlanet!","og_url":"https:\/\/letplanet.com\/en\/apartamentos-turisticos-en-malaga\/pedregalejo-el-palo\/","article_publisher":"https:\/\/www.facebook.com\/Letmalaga","article_modified_time":"2025-07-29T10:49:04+00:00","og_image":[{"width":1563,"height":1563,"url":"https:\/\/letplanet.com\/wp-content\/uploads\/2025\/07\/Logos-2.png","type":"image\/png"}],"twitter_card":"summary_large_image","twitter_misc":{"Estimated reading time":"2 minutes"},"schema":{"@context":"https:\/\/schema.org","@graph":[{"@type":"WebPage","@id":"https:\/\/letplanet.com\/apartamentos-turisticos-en-malaga\/pedregalejo-el-palo\/","url":"https:\/\/letplanet.com\/apartamentos-turisticos-en-malaga\/pedregalejo-el-palo\/","name":"Apartamentos tur\u00edsticos en Pedregalejo - El Palo -","isPartOf":{"@id":"https:\/\/letplanet.com\/#website"},"datePublished":"2024-07-29T07:59:19+00:00","dateModified":"2025-07-29T10:49:04+00:00","description":"Descubre nuestros exclusivos apartamentos a pie de playa, situado en la zona de Pedregalejo y el Palo. \u00a1Reserva ahora con LetPlanet!","breadcrumb":{"@id":"https:\/\/letplanet.com\/apartamentos-turisticos-en-malaga\/pedregalejo-el-palo\/#breadcrumb"},"inLanguage":"en-GB","potentialAction":[{"@type":"ReadAction","target":["https:\/\/letplanet.com\/apartamentos-turisticos-en-malaga\/pedregalejo-el-palo\/"]}]},{"@type":"BreadcrumbList","@id":"https:\/\/letplanet.com\/apartamentos-turisticos-en-malaga\/pedregalejo-el-palo\/#breadcrumb","itemListElement":[{"@type":"ListItem","position":1,"name":"Portada","item":"https:\/\/letplanet.com\/"},{"@type":"ListItem","position":2,"name":"Apartamentos","item":"https:\/\/letplanet.com\/apartamentos-turisticos-en-malaga\/"},{"@type":"ListItem","position":3,"name":"Apartamentos tur\u00edsticos en Pedregalejo &#8211; El Palo"}]},{"@type":"WebSite","@id":"https:\/\/letplanet.com\/#website","url":"https:\/\/letplanet.com\/","name":"LetPlanet","description":"Tourist flats in Malaga","publisher":{"@id":"https:\/\/letplanet.com\/#organization"},"alternateName":"letplanet","potentialAction":[{"@type":"SearchAction","target":{"@type":"EntryPoint","urlTemplate":"https:\/\/letplanet.com\/?s={search_term_string}"},"query-input":{"@type":"PropertyValueSpecification","valueRequired":true,"valueName":"search_term_string"}}],"inLanguage":"en-GB"},{"@type":"Organization","@id":"https:\/\/letplanet.com\/#organization","name":"LetPlanet","url":"https:\/\/letplanet.com\/","logo":{"@type":"ImageObject","inLanguage":"en-GB","@id":"https:\/\/letplanet.com\/#\/schema\/logo\/image\/","url":"https:\/\/letplanet.com\/wp-content\/uploads\/2024\/07\/Logo_let_planet.png","contentUrl":"https:\/\/letplanet.com\/wp-content\/uploads\/2024\/07\/Logo_let_planet.png","width":329,"height":66,"caption":"LetPlanet"},"image":{"@id":"https:\/\/letplanet.com\/#\/schema\/logo\/image\/"},"sameAs":["https:\/\/www.facebook.com\/Letmalaga","https:\/\/www.instagram.com\/letplanetmoments\/"]}]}},"_links":{"self":[{"href":"https:\/\/letplanet.com\/en\/wp-json\/wp\/v2\/pages\/26","targetHints":{"allow":["GET"]}}],"collection":[{"href":"https:\/\/letplanet.com\/en\/wp-json\/wp\/v2\/pages"}],"about":[{"href":"https:\/\/letplanet.com\/en\/wp-json\/wp\/v2\/types\/page"}],"author":[{"embeddable":true,"href":"https:\/\/letplanet.com\/en\/wp-json\/wp\/v2\/users\/1"}],"replies":[{"embeddable":true,"href":"https:\/\/letplanet.com\/en\/wp-json\/wp\/v2\/comments?post=26"}],"version-history":[{"count":44,"href":"https:\/\/letplanet.com\/en\/wp-json\/wp\/v2\/pages\/26\/revisions"}],"predecessor-version":[{"id":2549,"href":"https:\/\/letplanet.com\/en\/wp-json\/wp\/v2\/pages\/26\/revisions\/2549"}],"up":[{"embeddable":true,"href":"https:\/\/letplanet.com\/en\/wp-json\/wp\/v2\/pages\/11"}],"wp:attachment":[{"href":"https:\/\/letplanet.com\/en\/wp-json\/wp\/v2\/media?parent=26"}],"curies":[{"name":"wp","href":"https:\/\/api.w.org\/{rel}","templated":true}]}}