{"id":2788,"date":"2025-03-31T14:56:51","date_gmt":"2025-03-31T12:56:51","guid":{"rendered":"https:\/\/letplanet.com\/?page_id=2788"},"modified":"2025-07-29T12:59:03","modified_gmt":"2025-07-29T10:59:03","slug":"apartamentos-en-teatinos","status":"publish","type":"page","link":"https:\/\/letplanet.com\/en\/apartamentos-turisticos-en-malaga\/apartamentos-en-teatinos\/","title":{"rendered":"Tourist flats in Teatinos"},"content":{"rendered":"\t\t<div data-elementor-type=\"wp-page\" data-elementor-id=\"2788\" class=\"elementor elementor-2788\" data-elementor-post-type=\"page\">\n\t\t\t\t<div class=\"elementor-element elementor-element-b70c981 e-con-full e-flex e-con e-parent\" data-id=\"b70c981\" data-element_type=\"container\" data-e-type=\"container\" data-settings=\"{&quot;background_background&quot;:&quot;classic&quot;}\">\n\t\t\t\t<div class=\"elementor-element elementor-element-a850a43 elementor-widget elementor-widget-heading\" data-id=\"a850a43\" data-element_type=\"widget\" data-e-type=\"widget\" data-widget_type=\"heading.default\">\n\t\t\t\t<div class=\"elementor-widget-container\">\n\t\t\t\t\t<h1 class=\"elementor-heading-title elementor-size-default\">Apartamentos Tur\u00edsticos en Teatinos<\/h1>\t\t\t\t<\/div>\n\t\t\t\t<\/div>\n\t\t\t\t<\/div>\n\t\t<div class=\"elementor-element elementor-element-37fd11a e-flex e-con-boxed e-con e-parent\" data-id=\"37fd11a\" data-element_type=\"container\" data-e-type=\"container\">\n\t\t\t\t\t<div class=\"e-con-inner\">\n\t\t\t\t<div class=\"elementor-element elementor-element-47a44d6 elementor-widget elementor-widget-text-editor\" data-id=\"47a44d6\" data-element_type=\"widget\" data-e-type=\"widget\" data-widget_type=\"text-editor.default\">\n\t\t\t\t<div class=\"elementor-widget-container\">\n\t\t\t\t\t\t\t\t\t<p>\u00bfTe imaginas despertar en una ciudad llena de historia y naturaleza? En LetPlanet, <strong>tenemos los mejores apartamentos en Teatinos, un lugar que te har\u00e1 sentir como en un cuento<\/strong>.<\/p><p>Nuestros<strong> apartamentos en Teatinos est\u00e1n dise\u00f1ados para que te sientas c\u00f3modo y relajado<\/strong>. Con cocinas equipadas, \u00e1reas de estar acogedoras y un ambiente hogare\u00f1o, tendr\u00e1s todo lo que necesitas para descansar despu\u00e9s de un d\u00eda explorando la ciudad.<\/p><p>Adem\u00e1s, <strong>la comida en Teatinos es algo que no te puedes perder<\/strong>. Desde <strong>tapas tradicionales<\/strong> hasta <strong>platos m\u00e1s innovadores<\/strong>, los <strong>bares<\/strong> y <strong>restaurantes locales<\/strong> tienen algo para todos los gustos.<\/p><p>No te pierdas <strong>la oportunidad de descubrir M\u00e1laga<\/strong>. Reserva tu estancia con LetPlanet y vive una experiencia \u00fanica en esta maravillosa ciudad. \u00a1Te esperamos!<\/p>\t\t\t\t\t\t\t\t<\/div>\n\t\t\t\t<\/div>\n\t\t\t\t\t<\/div>\n\t\t\t\t<\/div>\n\t\t<div class=\"elementor-element elementor-element-a239a9c e-flex e-con-boxed e-con e-parent\" data-id=\"a239a9c\" data-element_type=\"container\" data-e-type=\"container\">\n\t\t\t\t\t<div class=\"e-con-inner\">\n\t\t\t\t<div class=\"elementor-element elementor-element-253f870 elementor-widget elementor-widget-html\" data-id=\"253f870\" data-element_type=\"widget\" data-e-type=\"widget\" data-widget_type=\"html.default\">\n\t\t\t\t<div class=\"elementor-widget-container\">\n\t\t\t\t\t<div>\r\n    <style>\r\n    .icnea-iframe-container {\r\n        width:100%;\r\n        overflow-x:hidden;\r\n    }\r\n    .icnea-iframe {\r\n        width:calc(100% + 15px);\r\n        height:99.5vh;\r\n    }\r\n    <\/style>\r\n<div class='icnea-iframe-container'>\r\n    <iframe class='icnea-iframe' src='https:\/\/letplanet.icnea.net\/?idi=3&destination=teatinos'\r\nframeborder=\"0\" onload=\"window.scrollTo(0,0)\"><\/iframe>\r\n<\/div>\r\n<script>\r\n    if (window.location.search) {\r\n        const arrival = get('arrival') || '';\r\n        const departure = get('departure') || '';\r\n        const guests = get('guests') || '';\r\n        const destination = get('destination') || '';\r\n        const gro = get('gro') || '';\r\n        const idi = get('idi') || 2;\r\n        if (arrival && departure && guests) {\r\n            let qparams =`?idi=${idi}&arrival=${arrival}&departure=${departure}&guests=${guests}&destination=${destination}`;\r\n            if(gro) {\r\n                qparams += `&gro=${gro}`;\r\n            }\r\n            document.querySelector('iframe.icnea-iframe').src ='https:\/\/letplanet.icnea.net' + qparams;\r\n        }\r\n    }\r\n    function get(name) {\r\n        if (name = (new RegExp('[?&]' + encodeURIComponent(name) +\r\n        \r\n        '=([^&]*)')).exec(location.search)) {\r\n        \r\n        return decodeURIComponent(name[1]);\r\n        }\r\n    }\r\n<\/script>\r\n<\/div>t>\t\t\t\t<\/div>\n\t\t\t\t<\/div>\n\t\t\t\t\t<\/div>\n\t\t\t\t<\/div>\n\t\t\t\t<\/div>\n\t\t","protected":false},"excerpt":{"rendered":"<p>Apartamentos Tur\u00edsticos en Teatinos \u00bfTe imaginas despertar en una ciudad llena de historia y naturaleza? En LetPlanet, tenemos los mejores [&hellip;]<\/p>\n","protected":false},"author":2,"featured_media":0,"parent":11,"menu_order":0,"comment_status":"closed","ping_status":"closed","template":"","meta":{"_acf_changed":false,"site-sidebar-layout":"no-sidebar","site-content-layout":"","ast-site-content-layout":"full-width-container","site-content-style":"default","site-sidebar-style":"default","ast-global-header-display":"","ast-banner-title-visibility":"","ast-main-header-display":"","ast-hfb-above-header-display":"","ast-hfb-below-header-display":"","ast-hfb-mobile-header-display":"","site-post-title":"disabled","ast-breadcrumbs-content":"","ast-featured-img":"disabled","footer-sml-layout":"","ast-disable-related-posts":"","theme-transparent-header-meta":"","adv-header-id-meta":"","stick-header-meta":"","header-above-stick-meta":"","header-main-stick-meta":"","header-below-stick-meta":"","astra-migrate-meta-layouts":"default","ast-page-background-enabled":"default","ast-page-background-meta":{"desktop":{"background-color":"var(--ast-global-color-4)","background-image":"","background-repeat":"repeat","background-position":"center center","background-size":"auto","background-attachment":"scroll","background-type":"","background-media":"","overlay-type":"","overlay-color":"","overlay-opacity":"","overlay-gradient":""},"tablet":{"background-color":"","background-image":"","background-repeat":"repeat","background-position":"center center","background-size":"auto","background-attachment":"scroll","background-type":"","background-media":"","overlay-type":"","overlay-color":"","overlay-opacity":"","overlay-gradient":""},"mobile":{"background-color":"","background-image":"","background-repeat":"repeat","background-position":"center center","background-size":"auto","background-attachment":"scroll","background-type":"","background-media":"","overlay-type":"","overlay-color":"","overlay-opacity":"","overlay-gradient":""}},"ast-content-background-meta":{"desktop":{"background-color":"var(--ast-global-color-5)","background-image":"","background-repeat":"repeat","background-position":"center center","background-size":"auto","background-attachment":"scroll","background-type":"","background-media":"","overlay-type":"","overlay-color":"","overlay-opacity":"","overlay-gradient":""},"tablet":{"background-color":"var(--ast-global-color-5)","background-image":"","background-repeat":"repeat","background-position":"center center","background-size":"auto","background-attachment":"scroll","background-type":"","background-media":"","overlay-type":"","overlay-color":"","overlay-opacity":"","overlay-gradient":""},"mobile":{"background-color":"var(--ast-global-color-5)","background-image":"","background-repeat":"repeat","background-position":"center center","background-size":"auto","background-attachment":"scroll","background-type":"","background-media":"","overlay-type":"","overlay-color":"","overlay-opacity":"","overlay-gradient":""}},"_joinchat":[],"footnotes":""},"class_list":["post-2788","page","type-page","status-publish","hentry"],"acf":[],"yoast_head":"<!-- This site is optimized with the Yoast SEO plugin v27.4 - https:\/\/yoast.com\/product\/yoast-seo-wordpress\/ -->\n<title>Apartamentos tur\u00edsticos en Teatinos -<\/title>\n<meta name=\"description\" content=\"Descubre nuestros exclusivos apartamentos en Teatinos, cerca de las Universidades ideal para estudiantes. \u00a1Reserva ahora con LetPlanet!\" \/>\n<meta name=\"robots\" content=\"index, follow, max-snippet:-1, max-image-preview:large, max-video-preview:-1\" \/>\n<link rel=\"canonical\" href=\"https:\/\/letplanet.com\/en\/apartamentos-turisticos-en-malaga\/apartamentos-en-teatinos\/\" \/>\n<meta property=\"og:locale\" content=\"en_GB\" \/>\n<meta property=\"og:type\" content=\"article\" \/>\n<meta property=\"og:title\" content=\"Apartamentos tur\u00edsticos en Teatinos -\" \/>\n<meta property=\"og:description\" content=\"Descubre nuestros exclusivos apartamentos en Teatinos, cerca de las Universidades ideal para estudiantes. \u00a1Reserva ahora con LetPlanet!\" \/>\n<meta property=\"og:url\" content=\"https:\/\/letplanet.com\/en\/apartamentos-turisticos-en-malaga\/apartamentos-en-teatinos\/\" \/>\n<meta property=\"article:publisher\" content=\"https:\/\/www.facebook.com\/Letmalaga\" \/>\n<meta property=\"article:modified_time\" content=\"2025-07-29T10:59:03+00:00\" \/>\n<meta property=\"og:image\" content=\"https:\/\/letplanet.com\/wp-content\/uploads\/2025\/07\/Logos-2.png\" \/>\n\t<meta property=\"og:image:width\" content=\"1563\" \/>\n\t<meta property=\"og:image:height\" content=\"1563\" \/>\n\t<meta property=\"og:image:type\" content=\"image\/png\" \/>\n<meta name=\"twitter:card\" content=\"summary_large_image\" \/>\n<meta name=\"twitter:label1\" content=\"Estimated reading time\" \/>\n\t<meta name=\"twitter:data1\" content=\"1 minute\" \/>\n<script type=\"application\/ld+json\" class=\"yoast-schema-graph\">{\"@context\":\"https:\\\/\\\/schema.org\",\"@graph\":[{\"@type\":\"WebPage\",\"@id\":\"https:\\\/\\\/letplanet.com\\\/apartamentos-turisticos-en-malaga\\\/apartamentos-en-teatinos\\\/\",\"url\":\"https:\\\/\\\/letplanet.com\\\/apartamentos-turisticos-en-malaga\\\/apartamentos-en-teatinos\\\/\",\"name\":\"Apartamentos tur\u00edsticos en Teatinos -\",\"isPartOf\":{\"@id\":\"https:\\\/\\\/letplanet.com\\\/#website\"},\"datePublished\":\"2025-03-31T12:56:51+00:00\",\"dateModified\":\"2025-07-29T10:59:03+00:00\",\"description\":\"Descubre nuestros exclusivos apartamentos en Teatinos, cerca de las Universidades ideal para estudiantes. \u00a1Reserva ahora con LetPlanet!\",\"breadcrumb\":{\"@id\":\"https:\\\/\\\/letplanet.com\\\/apartamentos-turisticos-en-malaga\\\/apartamentos-en-teatinos\\\/#breadcrumb\"},\"inLanguage\":\"en-GB\",\"potentialAction\":[{\"@type\":\"ReadAction\",\"target\":[\"https:\\\/\\\/letplanet.com\\\/apartamentos-turisticos-en-malaga\\\/apartamentos-en-teatinos\\\/\"]}]},{\"@type\":\"BreadcrumbList\",\"@id\":\"https:\\\/\\\/letplanet.com\\\/apartamentos-turisticos-en-malaga\\\/apartamentos-en-teatinos\\\/#breadcrumb\",\"itemListElement\":[{\"@type\":\"ListItem\",\"position\":1,\"name\":\"Portada\",\"item\":\"https:\\\/\\\/letplanet.com\\\/\"},{\"@type\":\"ListItem\",\"position\":2,\"name\":\"Apartamentos\",\"item\":\"https:\\\/\\\/letplanet.com\\\/apartamentos-turisticos-en-malaga\\\/\"},{\"@type\":\"ListItem\",\"position\":3,\"name\":\"Apartamentos tur\u00edsticos en Teatinos\"}]},{\"@type\":\"WebSite\",\"@id\":\"https:\\\/\\\/letplanet.com\\\/#website\",\"url\":\"https:\\\/\\\/letplanet.com\\\/\",\"name\":\"LetPlanet\",\"description\":\"Apartamentos tur\u00edsticos en M\u00e1laga\",\"publisher\":{\"@id\":\"https:\\\/\\\/letplanet.com\\\/#organization\"},\"alternateName\":\"letplanet\",\"potentialAction\":[{\"@type\":\"SearchAction\",\"target\":{\"@type\":\"EntryPoint\",\"urlTemplate\":\"https:\\\/\\\/letplanet.com\\\/?s={search_term_string}\"},\"query-input\":{\"@type\":\"PropertyValueSpecification\",\"valueRequired\":true,\"valueName\":\"search_term_string\"}}],\"inLanguage\":\"en-GB\"},{\"@type\":\"Organization\",\"@id\":\"https:\\\/\\\/letplanet.com\\\/#organization\",\"name\":\"LetPlanet\",\"url\":\"https:\\\/\\\/letplanet.com\\\/\",\"logo\":{\"@type\":\"ImageObject\",\"inLanguage\":\"en-GB\",\"@id\":\"https:\\\/\\\/letplanet.com\\\/#\\\/schema\\\/logo\\\/image\\\/\",\"url\":\"https:\\\/\\\/letplanet.com\\\/wp-content\\\/uploads\\\/2024\\\/07\\\/Logo_let_planet.png\",\"contentUrl\":\"https:\\\/\\\/letplanet.com\\\/wp-content\\\/uploads\\\/2024\\\/07\\\/Logo_let_planet.png\",\"width\":329,\"height\":66,\"caption\":\"LetPlanet\"},\"image\":{\"@id\":\"https:\\\/\\\/letplanet.com\\\/#\\\/schema\\\/logo\\\/image\\\/\"},\"sameAs\":[\"https:\\\/\\\/www.facebook.com\\\/Letmalaga\",\"https:\\\/\\\/www.instagram.com\\\/letplanetmoments\\\/\"]}]}<\/script>\n<!-- \/ Yoast SEO plugin. -->","yoast_head_json":{"title":"Apartamentos tur\u00edsticos en Teatinos -","description":"Descubre nuestros exclusivos apartamentos en Teatinos, cerca de las Universidades ideal para estudiantes. \u00a1Reserva ahora con LetPlanet!","robots":{"index":"index","follow":"follow","max-snippet":"max-snippet:-1","max-image-preview":"max-image-preview:large","max-video-preview":"max-video-preview:-1"},"canonical":"https:\/\/letplanet.com\/en\/apartamentos-turisticos-en-malaga\/apartamentos-en-teatinos\/","og_locale":"en_GB","og_type":"article","og_title":"Apartamentos tur\u00edsticos en Teatinos -","og_description":"Descubre nuestros exclusivos apartamentos en Teatinos, cerca de las Universidades ideal para estudiantes. \u00a1Reserva ahora con LetPlanet!","og_url":"https:\/\/letplanet.com\/en\/apartamentos-turisticos-en-malaga\/apartamentos-en-teatinos\/","article_publisher":"https:\/\/www.facebook.com\/Letmalaga","article_modified_time":"2025-07-29T10:59:03+00:00","og_image":[{"width":1563,"height":1563,"url":"https:\/\/letplanet.com\/wp-content\/uploads\/2025\/07\/Logos-2.png","type":"image\/png"}],"twitter_card":"summary_large_image","twitter_misc":{"Estimated reading time":"1 minute"},"schema":{"@context":"https:\/\/schema.org","@graph":[{"@type":"WebPage","@id":"https:\/\/letplanet.com\/apartamentos-turisticos-en-malaga\/apartamentos-en-teatinos\/","url":"https:\/\/letplanet.com\/apartamentos-turisticos-en-malaga\/apartamentos-en-teatinos\/","name":"Apartamentos tur\u00edsticos en Teatinos -","isPartOf":{"@id":"https:\/\/letplanet.com\/#website"},"datePublished":"2025-03-31T12:56:51+00:00","dateModified":"2025-07-29T10:59:03+00:00","description":"Descubre nuestros exclusivos apartamentos en Teatinos, cerca de las Universidades ideal para estudiantes. \u00a1Reserva ahora con LetPlanet!","breadcrumb":{"@id":"https:\/\/letplanet.com\/apartamentos-turisticos-en-malaga\/apartamentos-en-teatinos\/#breadcrumb"},"inLanguage":"en-GB","potentialAction":[{"@type":"ReadAction","target":["https:\/\/letplanet.com\/apartamentos-turisticos-en-malaga\/apartamentos-en-teatinos\/"]}]},{"@type":"BreadcrumbList","@id":"https:\/\/letplanet.com\/apartamentos-turisticos-en-malaga\/apartamentos-en-teatinos\/#breadcrumb","itemListElement":[{"@type":"ListItem","position":1,"name":"Portada","item":"https:\/\/letplanet.com\/"},{"@type":"ListItem","position":2,"name":"Apartamentos","item":"https:\/\/letplanet.com\/apartamentos-turisticos-en-malaga\/"},{"@type":"ListItem","position":3,"name":"Apartamentos tur\u00edsticos en Teatinos"}]},{"@type":"WebSite","@id":"https:\/\/letplanet.com\/#website","url":"https:\/\/letplanet.com\/","name":"LetPlanet","description":"Tourist flats in Malaga","publisher":{"@id":"https:\/\/letplanet.com\/#organization"},"alternateName":"letplanet","potentialAction":[{"@type":"SearchAction","target":{"@type":"EntryPoint","urlTemplate":"https:\/\/letplanet.com\/?s={search_term_string}"},"query-input":{"@type":"PropertyValueSpecification","valueRequired":true,"valueName":"search_term_string"}}],"inLanguage":"en-GB"},{"@type":"Organization","@id":"https:\/\/letplanet.com\/#organization","name":"LetPlanet","url":"https:\/\/letplanet.com\/","logo":{"@type":"ImageObject","inLanguage":"en-GB","@id":"https:\/\/letplanet.com\/#\/schema\/logo\/image\/","url":"https:\/\/letplanet.com\/wp-content\/uploads\/2024\/07\/Logo_let_planet.png","contentUrl":"https:\/\/letplanet.com\/wp-content\/uploads\/2024\/07\/Logo_let_planet.png","width":329,"height":66,"caption":"LetPlanet"},"image":{"@id":"https:\/\/letplanet.com\/#\/schema\/logo\/image\/"},"sameAs":["https:\/\/www.facebook.com\/Letmalaga","https:\/\/www.instagram.com\/letplanetmoments\/"]}]}},"_links":{"self":[{"href":"https:\/\/letplanet.com\/en\/wp-json\/wp\/v2\/pages\/2788","targetHints":{"allow":["GET"]}}],"collection":[{"href":"https:\/\/letplanet.com\/en\/wp-json\/wp\/v2\/pages"}],"about":[{"href":"https:\/\/letplanet.com\/en\/wp-json\/wp\/v2\/types\/page"}],"author":[{"embeddable":true,"href":"https:\/\/letplanet.com\/en\/wp-json\/wp\/v2\/users\/2"}],"replies":[{"embeddable":true,"href":"https:\/\/letplanet.com\/en\/wp-json\/wp\/v2\/comments?post=2788"}],"version-history":[{"count":8,"href":"https:\/\/letplanet.com\/en\/wp-json\/wp\/v2\/pages\/2788\/revisions"}],"predecessor-version":[{"id":3064,"href":"https:\/\/letplanet.com\/en\/wp-json\/wp\/v2\/pages\/2788\/revisions\/3064"}],"up":[{"embeddable":true,"href":"https:\/\/letplanet.com\/en\/wp-json\/wp\/v2\/pages\/11"}],"wp:attachment":[{"href":"https:\/\/letplanet.com\/en\/wp-json\/wp\/v2\/media?parent=2788"}],"curies":[{"name":"wp","href":"https:\/\/api.w.org\/{rel}","templated":true}]}}