{"id":3029,"date":"2025-07-08T12:08:14","date_gmt":"2025-07-08T10:08:14","guid":{"rendered":"https:\/\/letplanet.com\/?page_id=3029"},"modified":"2026-03-17T13:05:21","modified_gmt":"2026-03-17T12:05:21","slug":"experiencias","status":"publish","type":"page","link":"https:\/\/letplanet.com\/en\/experiencias\/","title":{"rendered":"El Gallo Ronco Espect\u00e1culo de Flamenco en vivo en M\u00e1laga"},"content":{"rendered":"<div data-elementor-type=\"wp-page\" data-elementor-id=\"3029\" class=\"elementor elementor-3029\" data-elementor-post-type=\"page\">\n\t\t\t\t<div class=\"elementor-element elementor-element-b7fc4ce e-con-full e-flex e-con e-parent\" data-id=\"b7fc4ce\" data-element_type=\"container\" data-e-type=\"container\">\n\t\t<div class=\"elementor-element elementor-element-4a1405b e-con-full e-flex e-con e-child\" data-id=\"4a1405b\" data-element_type=\"container\" data-e-type=\"container\" data-settings=\"{&quot;background_background&quot;:&quot;classic&quot;}\" alt=\"\">\n\t\t\t\t<div class=\"elementor-element elementor-element-3e65d4a elementor-widget elementor-widget-heading\" data-id=\"3e65d4a\" data-element_type=\"widget\" data-e-type=\"widget\" data-widget_type=\"heading.default\">\n\t\t\t\t<div class=\"elementor-widget-container\">\n\t\t\t\t\t<h1 class=\"elementor-heading-title elementor-size-default\">The Hoarse Rooster <br>\nLive Flamenco Show in M\u00e1laga<\/h1>\t\t\t\t<\/div>\n\t\t\t\t<\/div>\n\t\t\t\t<\/div>\n\t\t\t\t<\/div>\n\t\t<div class=\"elementor-element elementor-element-e8f0b04 e-flex e-con-boxed e-con e-parent\" data-id=\"e8f0b04\" data-element_type=\"container\" data-e-type=\"container\">\n\t\t\t\t\t<div class=\"e-con-inner\">\n\t\t\t\t<div class=\"elementor-element elementor-element-0e2cedb elementor-widget elementor-widget-text-editor\" data-id=\"0e2cedb\" data-element_type=\"widget\" data-e-type=\"widget\" data-widget_type=\"text-editor.default\">\n\t\t\t\t<div class=\"elementor-widget-container\">\n\t\t\t\t\t\t\t\t\t<p>Experience flamenco in M\u00e1laga the way you deserve \u2014 and the way a live flamenco show should be: in a cozy, charming space with an exclusive atmosphere. We invite you to enjoy the El Gallo Ronco Flamenco ensemble, featuring guitar, singing, and dance.<\/p><p>If you want the privilege that only a select few can experience \u2014 feeling the artists\u2019 passion up close on stage \u2014 then El Gallo Ronco Flamenco is a must-visit. Come and discover a true artistic ensemble of professional guitarists, singers, and dancers.<\/p><p>Don\u2019t miss out on your ticket: come and enjoy a live flamenco show by El Gallo Ronco Flamenco in the centre of M\u00e1laga.<\/p>\t\t\t\t\t\t\t\t<\/div>\n\t\t\t\t<\/div>\n\t\t\t\t<div class=\"elementor-element elementor-element-ec46b47 elementor-widget elementor-widget-html\" data-id=\"ec46b47\" data-element_type=\"widget\" data-e-type=\"widget\" data-widget_type=\"html.default\">\n\t\t\t\t<div class=\"elementor-widget-container\">\n\t\t\t\t\t<script type=\"text\/javascript\" src=\"https:\/\/cloud.mireservaonline.es\/javascript-responsive\/iframeEmpresasYAfiliados.js\"><\/script><script type=\"text\/javascript\">mroa25_pintaIframeServicio(window.location.pathname.includes(\"\/en\") ? \"https:\/\/www.mireservaonline.es\/en\/services\/gallo-ronco-flamenco-live-flamenco-show.aspx\" : 'https:\/\/www.mireservaonline.es\/es\/servicios\/flamenco-calycanto-espectaculo-flamenco-vivo-gastronomia-malaguena.aspx','kqmhjhnikkkjolnnihohohqkrzrkmphnno','3', 1, undefined, 2, 2);<\/script>\r\n\t\t\t\t<\/div>\n\t\t\t\t<\/div>\n\t\t\t\t\t<\/div>\n\t\t\t\t<\/div>\n\t\t<div class=\"elementor-element elementor-element-b493e55 e-flex e-con-boxed e-con e-parent\" data-id=\"b493e55\" data-element_type=\"container\" data-e-type=\"container\">\n\t\t\t\t\t<div class=\"e-con-inner\">\n\t\t\t\t<div class=\"elementor-element elementor-element-9eb2971 elementor-widget-divider--view-line elementor-widget elementor-widget-divider\" data-id=\"9eb2971\" data-element_type=\"widget\" data-e-type=\"widget\" data-widget_type=\"divider.default\">\n\t\t\t\t<div class=\"elementor-widget-container\">\n\t\t\t\t\t\t\t<div class=\"elementor-divider\">\n\t\t\t<span class=\"elementor-divider-separator\">\n\t\t\t\t\t\t<\/span>\n\t\t<\/div>\n\t\t\t\t\t\t<\/div>\n\t\t\t\t<\/div>\n\t\t\t\t\t<\/div>\n\t\t\t\t<\/div>\n\t\t\t\t<\/div>","protected":false},"excerpt":{"rendered":"<p>El Gallo Ronco Espect\u00e1culo de Flamenco en vivo en M\u00e1laga Como t\u00fa mereces vivir una experiencia de flamenco en M\u00e1laga [&hellip;]<\/p>\n","protected":false},"author":2,"featured_media":0,"parent":0,"menu_order":0,"comment_status":"closed","ping_status":"closed","template":"","meta":{"_acf_changed":false,"site-sidebar-layout":"no-sidebar","site-content-layout":"","ast-site-content-layout":"full-width-container","site-content-style":"default","site-sidebar-style":"default","ast-global-header-display":"","ast-banner-title-visibility":"","ast-main-header-display":"","ast-hfb-above-header-display":"","ast-hfb-below-header-display":"","ast-hfb-mobile-header-display":"","site-post-title":"disabled","ast-breadcrumbs-content":"","ast-featured-img":"disabled","footer-sml-layout":"","ast-disable-related-posts":"","theme-transparent-header-meta":"","adv-header-id-meta":"","stick-header-meta":"","header-above-stick-meta":"","header-main-stick-meta":"","header-below-stick-meta":"","astra-migrate-meta-layouts":"default","ast-page-background-enabled":"default","ast-page-background-meta":{"desktop":{"background-color":"var(--ast-global-color-4)","background-image":"","background-repeat":"repeat","background-position":"center center","background-size":"auto","background-attachment":"scroll","background-type":"","background-media":"","overlay-type":"","overlay-color":"","overlay-opacity":"","overlay-gradient":""},"tablet":{"background-color":"","background-image":"","background-repeat":"repeat","background-position":"center center","background-size":"auto","background-attachment":"scroll","background-type":"","background-media":"","overlay-type":"","overlay-color":"","overlay-opacity":"","overlay-gradient":""},"mobile":{"background-color":"","background-image":"","background-repeat":"repeat","background-position":"center center","background-size":"auto","background-attachment":"scroll","background-type":"","background-media":"","overlay-type":"","overlay-color":"","overlay-opacity":"","overlay-gradient":""}},"ast-content-background-meta":{"desktop":{"background-color":"var(--ast-global-color-5)","background-image":"","background-repeat":"repeat","background-position":"center center","background-size":"auto","background-attachment":"scroll","background-type":"","background-media":"","overlay-type":"","overlay-color":"","overlay-opacity":"","overlay-gradient":""},"tablet":{"background-color":"var(--ast-global-color-5)","background-image":"","background-repeat":"repeat","background-position":"center center","background-size":"auto","background-attachment":"scroll","background-type":"","background-media":"","overlay-type":"","overlay-color":"","overlay-opacity":"","overlay-gradient":""},"mobile":{"background-color":"var(--ast-global-color-5)","background-image":"","background-repeat":"repeat","background-position":"center center","background-size":"auto","background-attachment":"scroll","background-type":"","background-media":"","overlay-type":"","overlay-color":"","overlay-opacity":"","overlay-gradient":""}},"_joinchat":[],"footnotes":""},"class_list":["post-3029","page","type-page","status-publish","hentry"],"acf":[],"yoast_head":"<!-- This site is optimized with the Yoast SEO plugin v27.4 - https:\/\/yoast.com\/product\/yoast-seo-wordpress\/ -->\n<title>Paquete tur\u00edstico M\u00e1laga: alojamiento, experiencias y transfer<\/title>\n<meta name=\"description\" content=\"Paquete tur\u00edstico M\u00e1laga con alojamiento, transfer y experiencias como flamenco, tours y excursiones. Reserva tu pack completo con LetPlanet.\" \/>\n<meta name=\"robots\" content=\"index, follow, max-snippet:-1, max-image-preview:large, max-video-preview:-1\" \/>\n<link rel=\"canonical\" href=\"https:\/\/letplanet.com\/en\/experiencias\/\" \/>\n<meta property=\"og:locale\" content=\"en_GB\" \/>\n<meta property=\"og:type\" content=\"article\" \/>\n<meta property=\"og:title\" content=\"Paquete tur\u00edstico M\u00e1laga: alojamiento, experiencias y transfer\" \/>\n<meta property=\"og:description\" content=\"Paquete tur\u00edstico M\u00e1laga con alojamiento, transfer y experiencias como flamenco, tours y excursiones. Reserva tu pack completo con LetPlanet.\" \/>\n<meta property=\"og:url\" content=\"https:\/\/letplanet.com\/en\/experiencias\/\" \/>\n<meta property=\"article:publisher\" content=\"https:\/\/www.facebook.com\/Letmalaga\" \/>\n<meta property=\"article:modified_time\" content=\"2026-03-17T12:05:21+00:00\" \/>\n<meta property=\"og:image\" content=\"https:\/\/letplanet.com\/wp-content\/uploads\/2025\/07\/Logos-2.png\" \/>\n\t<meta property=\"og:image:width\" content=\"1563\" \/>\n\t<meta property=\"og:image:height\" content=\"1563\" \/>\n\t<meta property=\"og:image:type\" content=\"image\/png\" \/>\n<meta name=\"twitter:card\" content=\"summary_large_image\" \/>\n<meta name=\"twitter:label1\" content=\"Estimated reading time\" \/>\n\t<meta name=\"twitter:data1\" content=\"1 minute\" \/>\n<script type=\"application\/ld+json\" class=\"yoast-schema-graph\">{\"@context\":\"https:\\\/\\\/schema.org\",\"@graph\":[{\"@type\":\"WebPage\",\"@id\":\"https:\\\/\\\/letplanet.com\\\/experiencias\\\/\",\"url\":\"https:\\\/\\\/letplanet.com\\\/experiencias\\\/\",\"name\":\"Paquete tur\u00edstico M\u00e1laga: alojamiento, experiencias y transfer\",\"isPartOf\":{\"@id\":\"https:\\\/\\\/letplanet.com\\\/#website\"},\"datePublished\":\"2025-07-08T10:08:14+00:00\",\"dateModified\":\"2026-03-17T12:05:21+00:00\",\"description\":\"Paquete tur\u00edstico M\u00e1laga con alojamiento, transfer y experiencias como flamenco, tours y excursiones. Reserva tu pack completo con LetPlanet.\",\"breadcrumb\":{\"@id\":\"https:\\\/\\\/letplanet.com\\\/experiencias\\\/#breadcrumb\"},\"inLanguage\":\"en-GB\",\"potentialAction\":[{\"@type\":\"ReadAction\",\"target\":[\"https:\\\/\\\/letplanet.com\\\/experiencias\\\/\"]}]},{\"@type\":\"BreadcrumbList\",\"@id\":\"https:\\\/\\\/letplanet.com\\\/experiencias\\\/#breadcrumb\",\"itemListElement\":[{\"@type\":\"ListItem\",\"position\":1,\"name\":\"Portada\",\"item\":\"https:\\\/\\\/letplanet.com\\\/\"},{\"@type\":\"ListItem\",\"position\":2,\"name\":\"El Gallo Ronco Espect\u00e1culo de Flamenco en vivo en M\u00e1laga\"}]},{\"@type\":\"WebSite\",\"@id\":\"https:\\\/\\\/letplanet.com\\\/#website\",\"url\":\"https:\\\/\\\/letplanet.com\\\/\",\"name\":\"LetPlanet\",\"description\":\"Apartamentos tur\u00edsticos en M\u00e1laga\",\"publisher\":{\"@id\":\"https:\\\/\\\/letplanet.com\\\/#organization\"},\"alternateName\":\"letplanet\",\"potentialAction\":[{\"@type\":\"SearchAction\",\"target\":{\"@type\":\"EntryPoint\",\"urlTemplate\":\"https:\\\/\\\/letplanet.com\\\/?s={search_term_string}\"},\"query-input\":{\"@type\":\"PropertyValueSpecification\",\"valueRequired\":true,\"valueName\":\"search_term_string\"}}],\"inLanguage\":\"en-GB\"},{\"@type\":\"Organization\",\"@id\":\"https:\\\/\\\/letplanet.com\\\/#organization\",\"name\":\"LetPlanet\",\"url\":\"https:\\\/\\\/letplanet.com\\\/\",\"logo\":{\"@type\":\"ImageObject\",\"inLanguage\":\"en-GB\",\"@id\":\"https:\\\/\\\/letplanet.com\\\/#\\\/schema\\\/logo\\\/image\\\/\",\"url\":\"https:\\\/\\\/letplanet.com\\\/wp-content\\\/uploads\\\/2024\\\/07\\\/Logo_let_planet.png\",\"contentUrl\":\"https:\\\/\\\/letplanet.com\\\/wp-content\\\/uploads\\\/2024\\\/07\\\/Logo_let_planet.png\",\"width\":329,\"height\":66,\"caption\":\"LetPlanet\"},\"image\":{\"@id\":\"https:\\\/\\\/letplanet.com\\\/#\\\/schema\\\/logo\\\/image\\\/\"},\"sameAs\":[\"https:\\\/\\\/www.facebook.com\\\/Letmalaga\",\"https:\\\/\\\/www.instagram.com\\\/letplanetmoments\\\/\"]}]}<\/script>\n<!-- \/ Yoast SEO plugin. -->","yoast_head_json":{"title":"Paquete tur\u00edstico M\u00e1laga: alojamiento, experiencias y transfer","description":"Paquete tur\u00edstico M\u00e1laga con alojamiento, transfer y experiencias como flamenco, tours y excursiones. Reserva tu pack completo con LetPlanet.","robots":{"index":"index","follow":"follow","max-snippet":"max-snippet:-1","max-image-preview":"max-image-preview:large","max-video-preview":"max-video-preview:-1"},"canonical":"https:\/\/letplanet.com\/en\/experiencias\/","og_locale":"en_GB","og_type":"article","og_title":"Paquete tur\u00edstico M\u00e1laga: alojamiento, experiencias y transfer","og_description":"Paquete tur\u00edstico M\u00e1laga con alojamiento, transfer y experiencias como flamenco, tours y excursiones. Reserva tu pack completo con LetPlanet.","og_url":"https:\/\/letplanet.com\/en\/experiencias\/","article_publisher":"https:\/\/www.facebook.com\/Letmalaga","article_modified_time":"2026-03-17T12:05:21+00:00","og_image":[{"width":1563,"height":1563,"url":"https:\/\/letplanet.com\/wp-content\/uploads\/2025\/07\/Logos-2.png","type":"image\/png"}],"twitter_card":"summary_large_image","twitter_misc":{"Estimated reading time":"1 minute"},"schema":{"@context":"https:\/\/schema.org","@graph":[{"@type":"WebPage","@id":"https:\/\/letplanet.com\/experiencias\/","url":"https:\/\/letplanet.com\/experiencias\/","name":"Paquete tur\u00edstico M\u00e1laga: alojamiento, experiencias y transfer","isPartOf":{"@id":"https:\/\/letplanet.com\/#website"},"datePublished":"2025-07-08T10:08:14+00:00","dateModified":"2026-03-17T12:05:21+00:00","description":"Paquete tur\u00edstico M\u00e1laga con alojamiento, transfer y experiencias como flamenco, tours y excursiones. Reserva tu pack completo con LetPlanet.","breadcrumb":{"@id":"https:\/\/letplanet.com\/experiencias\/#breadcrumb"},"inLanguage":"en-GB","potentialAction":[{"@type":"ReadAction","target":["https:\/\/letplanet.com\/experiencias\/"]}]},{"@type":"BreadcrumbList","@id":"https:\/\/letplanet.com\/experiencias\/#breadcrumb","itemListElement":[{"@type":"ListItem","position":1,"name":"Portada","item":"https:\/\/letplanet.com\/"},{"@type":"ListItem","position":2,"name":"El Gallo Ronco Espect\u00e1culo de Flamenco en vivo en M\u00e1laga"}]},{"@type":"WebSite","@id":"https:\/\/letplanet.com\/#website","url":"https:\/\/letplanet.com\/","name":"LetPlanet","description":"Tourist flats in Malaga","publisher":{"@id":"https:\/\/letplanet.com\/#organization"},"alternateName":"letplanet","potentialAction":[{"@type":"SearchAction","target":{"@type":"EntryPoint","urlTemplate":"https:\/\/letplanet.com\/?s={search_term_string}"},"query-input":{"@type":"PropertyValueSpecification","valueRequired":true,"valueName":"search_term_string"}}],"inLanguage":"en-GB"},{"@type":"Organization","@id":"https:\/\/letplanet.com\/#organization","name":"LetPlanet","url":"https:\/\/letplanet.com\/","logo":{"@type":"ImageObject","inLanguage":"en-GB","@id":"https:\/\/letplanet.com\/#\/schema\/logo\/image\/","url":"https:\/\/letplanet.com\/wp-content\/uploads\/2024\/07\/Logo_let_planet.png","contentUrl":"https:\/\/letplanet.com\/wp-content\/uploads\/2024\/07\/Logo_let_planet.png","width":329,"height":66,"caption":"LetPlanet"},"image":{"@id":"https:\/\/letplanet.com\/#\/schema\/logo\/image\/"},"sameAs":["https:\/\/www.facebook.com\/Letmalaga","https:\/\/www.instagram.com\/letplanetmoments\/"]}]}},"_links":{"self":[{"href":"https:\/\/letplanet.com\/en\/wp-json\/wp\/v2\/pages\/3029","targetHints":{"allow":["GET"]}}],"collection":[{"href":"https:\/\/letplanet.com\/en\/wp-json\/wp\/v2\/pages"}],"about":[{"href":"https:\/\/letplanet.com\/en\/wp-json\/wp\/v2\/types\/page"}],"author":[{"embeddable":true,"href":"https:\/\/letplanet.com\/en\/wp-json\/wp\/v2\/users\/2"}],"replies":[{"embeddable":true,"href":"https:\/\/letplanet.com\/en\/wp-json\/wp\/v2\/comments?post=3029"}],"version-history":[{"count":31,"href":"https:\/\/letplanet.com\/en\/wp-json\/wp\/v2\/pages\/3029\/revisions"}],"predecessor-version":[{"id":3194,"href":"https:\/\/letplanet.com\/en\/wp-json\/wp\/v2\/pages\/3029\/revisions\/3194"}],"wp:attachment":[{"href":"https:\/\/letplanet.com\/en\/wp-json\/wp\/v2\/media?parent=3029"}],"curies":[{"name":"wp","href":"https:\/\/api.w.org\/{rel}","templated":true}]}}