{"id":42,"date":"2024-07-29T10:02:20","date_gmt":"2024-07-29T08:02:20","guid":{"rendered":"https:\/\/letplanet.com\/?page_id=42"},"modified":"2025-02-11T10:27:45","modified_gmt":"2025-02-11T09:27:45","slug":"portal-privado-de-propietarios","status":"publish","type":"page","link":"https:\/\/letplanet.com\/en\/portal-privado-de-propietarios\/","title":{"rendered":"Private Owners Portal"},"content":{"rendered":"\t\t<div data-elementor-type=\"wp-page\" data-elementor-id=\"42\" class=\"elementor elementor-42\" data-elementor-post-type=\"page\">\n\t\t\t\t<div class=\"elementor-element elementor-element-aa18e06 e-con-full e-flex e-con e-parent\" data-id=\"aa18e06\" data-element_type=\"container\" data-e-type=\"container\">\n\t\t\t\t<div class=\"elementor-element elementor-element-41634e8 elementor-widget elementor-widget-image\" data-id=\"41634e8\" data-element_type=\"widget\" data-e-type=\"widget\" data-widget_type=\"image.default\">\n\t\t\t\t<div class=\"elementor-widget-container\">\n\t\t\t\t\t\t\t\t\t\t\t\t\t\t\t<img fetchpriority=\"high\" decoding=\"async\" width=\"1920\" height=\"1280\" src=\"https:\/\/letplanet.com\/wp-content\/uploads\/2024\/08\/PROPIETARIOS.webp\" class=\"attachment-full size-full wp-image-651\" alt=\"\" srcset=\"https:\/\/letplanet.com\/wp-content\/uploads\/2024\/08\/PROPIETARIOS.webp 1920w, https:\/\/letplanet.com\/wp-content\/uploads\/2024\/08\/PROPIETARIOS-300x200.webp 300w, https:\/\/letplanet.com\/wp-content\/uploads\/2024\/08\/PROPIETARIOS-1024x683.webp 1024w, https:\/\/letplanet.com\/wp-content\/uploads\/2024\/08\/PROPIETARIOS-768x512.webp 768w, https:\/\/letplanet.com\/wp-content\/uploads\/2024\/08\/PROPIETARIOS-1536x1024.webp 1536w\" sizes=\"(max-width: 1920px) 100vw, 1920px\" \/>\t\t\t\t\t\t\t\t\t\t\t\t\t\t\t<\/div>\n\t\t\t\t<\/div>\n\t\t\t\t<\/div>\n\t\t<div class=\"elementor-element elementor-element-4e15d14 e-con-full e-flex e-con e-parent\" data-id=\"4e15d14\" data-element_type=\"container\" data-e-type=\"container\" id=\"calc_rendimiento\" data-settings=\"{&quot;background_background&quot;:&quot;classic&quot;}\">\n\t\t<div class=\"elementor-element elementor-element-b2dadb7 e-con-full e-flex e-con e-child\" data-id=\"b2dadb7\" data-element_type=\"container\" data-e-type=\"container\" data-settings=\"{&quot;background_background&quot;:&quot;classic&quot;}\">\n\t\t\t\t<div class=\"elementor-element elementor-element-fb536f3 elementor-widget elementor-widget-heading\" data-id=\"fb536f3\" data-element_type=\"widget\" data-e-type=\"widget\" data-widget_type=\"heading.default\">\n\t\t\t\t<div class=\"elementor-widget-container\">\n\t\t\t\t\t<h2 class=\"elementor-heading-title elementor-size-default\">\u00bfQuieres saber cu\u00e1nto podr\u00edas ganar con tu alquiler vacacional?<\/h2>\t\t\t\t<\/div>\n\t\t\t\t<\/div>\n\t\t\t\t<div class=\"elementor-element elementor-element-57db21c elementor-widget elementor-widget-text-editor\" data-id=\"57db21c\" data-element_type=\"widget\" data-e-type=\"widget\" data-widget_type=\"text-editor.default\">\n\t\t\t\t<div class=\"elementor-widget-container\">\n\t\t\t\t\t\t\t\t\tD\u00e9janos tu correo y recibe un informe detallado de rentabilidad para tu propiedad. Descubre c\u00f3mo Letplanet puede ayudarte a transformar tus ingresos.\t\t\t\t\t\t\t\t<\/div>\n\t\t\t\t<\/div>\n\t\t\t\t<div class=\"elementor-element elementor-element-9c6ba4f elementor-widget elementor-widget-wpforms\" data-id=\"9c6ba4f\" data-element_type=\"widget\" data-e-type=\"widget\" data-widget_type=\"wpforms.default\">\n\t\t\t\t<div class=\"elementor-widget-container\">\n\t\t\t\t\t<style id=\"wpforms-css-vars-root\">\n\t\t\t\t:root {\n\t\t\t\t\t--wpforms-field-border-radius: 3px;\n--wpforms-field-border-style: solid;\n--wpforms-field-border-size: 1px;\n--wpforms-field-background-color: #ffffff;\n--wpforms-field-border-color: rgba( 0, 0, 0, 0.25 );\n--wpforms-field-border-color-spare: rgba( 0, 0, 0, 0.25 );\n--wpforms-field-text-color: rgba( 0, 0, 0, 0.7 );\n--wpforms-field-menu-color: #ffffff;\n--wpforms-label-color: rgba( 0, 0, 0, 0.85 );\n--wpforms-label-sublabel-color: rgba( 0, 0, 0, 0.55 );\n--wpforms-label-error-color: #d63637;\n--wpforms-button-border-radius: 3px;\n--wpforms-button-border-style: none;\n--wpforms-button-border-size: 1px;\n--wpforms-button-background-color: #066aab;\n--wpforms-button-border-color: #066aab;\n--wpforms-button-text-color: #ffffff;\n--wpforms-page-break-color: #066aab;\n--wpforms-background-image: none;\n--wpforms-background-position: center center;\n--wpforms-background-repeat: no-repeat;\n--wpforms-background-size: cover;\n--wpforms-background-width: 100px;\n--wpforms-background-height: 100px;\n--wpforms-background-color: rgba( 0, 0, 0, 0 );\n--wpforms-background-url: none;\n--wpforms-container-padding: 0px;\n--wpforms-container-border-style: none;\n--wpforms-container-border-width: 1px;\n--wpforms-container-border-color: #000000;\n--wpforms-container-border-radius: 3px;\n--wpforms-field-size-input-height: 43px;\n--wpforms-field-size-input-spacing: 15px;\n--wpforms-field-size-font-size: 16px;\n--wpforms-field-size-line-height: 19px;\n--wpforms-field-size-padding-h: 14px;\n--wpforms-field-size-checkbox-size: 16px;\n--wpforms-field-size-sublabel-spacing: 5px;\n--wpforms-field-size-icon-size: 1;\n--wpforms-label-size-font-size: 16px;\n--wpforms-label-size-line-height: 19px;\n--wpforms-label-size-sublabel-font-size: 14px;\n--wpforms-label-size-sublabel-line-height: 17px;\n--wpforms-button-size-font-size: 17px;\n--wpforms-button-size-height: 41px;\n--wpforms-button-size-padding-h: 15px;\n--wpforms-button-size-margin-top: 10px;\n--wpforms-container-shadow-size-box-shadow: none;\n\n\t\t\t\t}\n\t\t\t<\/style><style id=\"wpforms-css-vars-elementor-widget-9c6ba4f\">\n\t\t\t\t.elementor-widget-wpforms.elementor-element-9c6ba4f {\n\t\t\t\t\t--wpforms-field-border-radius: 0px;\n--wpforms-button-background-color: #082E34;\n--wpforms-field-size-input-height: 43px;\n--wpforms-field-size-input-spacing: 15px;\n--wpforms-field-size-font-size: 16px;\n--wpforms-field-size-line-height: 19px;\n--wpforms-field-size-padding-h: 14px;\n--wpforms-field-size-checkbox-size: 16px;\n--wpforms-field-size-sublabel-spacing: 5px;\n--wpforms-field-size-icon-size: 1;\n--wpforms-label-size-font-size: 16px;\n--wpforms-label-size-line-height: 19px;\n--wpforms-label-size-sublabel-font-size: 14px;\n--wpforms-label-size-sublabel-line-height: 17px;\n--wpforms-button-size-font-size: 17px;\n--wpforms-button-size-height: 41px;\n--wpforms-button-size-padding-h: 15px;\n--wpforms-button-size-margin-top: 10px;\n\n\t\t\t\t}\n\t\t\t<\/style><div class=\"wpforms-container wpforms-container-full wpforms-render-modern\" id=\"wpforms-616\"><form id=\"wpforms-form-616\" class=\"wpforms-validate wpforms-form wpforms-ajax-form\" data-formid=\"616\" method=\"post\" enctype=\"multipart\/form-data\" action=\"\/en\/wp-json\/wp\/v2\/pages\/42\" data-token=\"67bc1fce8cd06a36074253f109c7373f\" data-token-time=\"1776478091\"><noscript class=\"wpforms-error-noscript\">Please enable JavaScript in your browser to complete this form.<\/noscript><div class=\"wpforms-hidden\" id=\"wpforms-error-noscript\">Please enable JavaScript in your browser to complete this form.<\/div><div class=\"wpforms-field-container\"><div id=\"wpforms-616-field_1-container\" class=\"wpforms-field wpforms-field-name\" data-field-id=\"1\"><label class=\"wpforms-field-label\" for=\"wpforms-616-field_1\">Nombre <span class=\"wpforms-required-label\" aria-hidden=\"true\">*<\/span><\/label><input type=\"text\" id=\"wpforms-616-field_1\" class=\"wpforms-field-large wpforms-field-required\" name=\"wpforms[fields][1]\" aria-errormessage=\"wpforms-616-field_1-error\" required><\/div><div id=\"wpforms-616-field_11-container\" class=\"wpforms-field wpforms-field-layout\" data-field-id=\"11\"><div class=\"wpforms-field-layout-rows wpforms-field-large\"><div class=\"wpforms-layout-row\"><div class=\"wpforms-layout-column wpforms-layout-column-50\"><div id=\"wpforms-616-field_2-container\" class=\"wpforms-field wpforms-field-email\" data-field-id=\"2\"><label class=\"wpforms-field-label\" for=\"wpforms-616-field_2\">Correo electr\u00f3nico <span class=\"wpforms-required-label\" aria-hidden=\"true\">*<\/span><\/label><input type=\"email\" id=\"wpforms-616-field_2\" class=\"wpforms-field-small wpforms-field-required\" name=\"wpforms[fields][2]\" spellcheck=\"false\" aria-errormessage=\"wpforms-616-field_2-error\" required><\/div><\/div><div class=\"wpforms-layout-column wpforms-layout-column-50\"><div id=\"wpforms-616-field_10-container\" class=\"wpforms-field wpforms-field-phone\" data-field-id=\"10\"><label class=\"wpforms-field-label\" for=\"wpforms-616-field_10\">Tel\u00e9fono<\/label><input type=\"tel\" id=\"wpforms-616-field_10\" class=\"wpforms-field-small wpforms-smart-phone-field\" data-rule-smart-phone-field=\"true\" name=\"wpforms[fields][10]\" aria-label=\"Tel\u00e9fono\" aria-errormessage=\"wpforms-616-field_10-error\" aria-describedby=\"wpforms-616-field_10-description\" ><div id=\"wpforms-616-field_10-description\" class=\"wpforms-field-description\">Opcional<\/div><\/div><\/div><\/div><\/div><\/div><div id=\"wpforms-616-field_3-container\" class=\"wpforms-field wpforms-field-layout\" data-field-id=\"3\"><div class=\"wpforms-field-layout-rows wpforms-field-large\"><div class=\"wpforms-layout-row\"><div class=\"wpforms-layout-column wpforms-layout-column-100\"><div id=\"wpforms-616-field_15-container\" class=\"wpforms-field wpforms-field-text\" data-field-id=\"15\"><label class=\"wpforms-field-label\" for=\"wpforms-616-field_15\">Direcci\u00f3n de la Propiedad <span class=\"wpforms-required-label\" aria-hidden=\"true\">*<\/span><\/label><input type=\"text\" id=\"wpforms-616-field_15\" class=\"wpforms-field-medium wpforms-field-required\" name=\"wpforms[fields][15]\" aria-errormessage=\"wpforms-616-field_15-error\" required><\/div><\/div><\/div><div class=\"wpforms-layout-row\"><div class=\"wpforms-layout-column wpforms-layout-column-100\"><div id=\"wpforms-616-field_5-container\" class=\"wpforms-field wpforms-field-select wpforms-field-select-style-modern\" data-field-id=\"5\"><label class=\"wpforms-field-label\" for=\"wpforms-616-field_5\">N\u00ba de habitaciones <span class=\"wpforms-required-label\" aria-hidden=\"true\">*<\/span><\/label><select id=\"wpforms-616-field_5\" class=\"wpforms-field-medium wpforms-field-required choicesjs-select\" data-size-class=\"wpforms-field-row wpforms-field-medium\" data-search-enabled=\"\" name=\"wpforms[fields][5]\" required=\"required\"><option value=\"\" class=\"placeholder\" disabled  selected='selected'>N\u00ba de habitaciones<\/option><option value=\"1\" >1<\/option><option value=\"2\" >2<\/option><option value=\"3\" >3<\/option><option value=\"4\" >4<\/option><option value=\"5\" >5<\/option><option value=\"6\" >6<\/option><\/select><\/div><\/div><\/div><div class=\"wpforms-layout-row\"><div class=\"wpforms-layout-column wpforms-layout-column-100\"><div id=\"wpforms-616-field_8-container\" class=\"wpforms-field wpforms-field-select wpforms-field-select-style-modern\" data-field-id=\"8\"><label class=\"wpforms-field-label\" for=\"wpforms-616-field_8\">Ba\u00f1os <span class=\"wpforms-required-label\" aria-hidden=\"true\">*<\/span><\/label><select id=\"wpforms-616-field_8\" class=\"wpforms-field-medium wpforms-field-required choicesjs-select\" data-size-class=\"wpforms-field-row wpforms-field-medium\" data-search-enabled=\"\" name=\"wpforms[fields][8]\" required=\"required\"><option value=\"\" class=\"placeholder\" disabled  selected='selected'>Ba\u00f1os<\/option><option value=\"1\" >1<\/option><option value=\"2\" >2<\/option><option value=\"3\" >3<\/option><option value=\"4\" >4<\/option><\/select><\/div><\/div><\/div><\/div><\/div><div id=\"wpforms-616-field_9-container\" class=\"wpforms-field wpforms-field-checkbox wpforms-list-3-columns\" data-field-id=\"9\"><fieldset><legend class=\"wpforms-field-label\">Casillas de verificaci\u00f3n<\/legend><ul id=\"wpforms-616-field_9\"><li class=\"choice-1 depth-1\"><input type=\"checkbox\" id=\"wpforms-616-field_9_1\" name=\"wpforms[fields][9][]\" value=\"Parking\" aria-errormessage=\"wpforms-616-field_9_1-error\"  ><label class=\"wpforms-field-label-inline\" for=\"wpforms-616-field_9_1\">Parking<\/label><\/li><li class=\"choice-2 depth-1\"><input type=\"checkbox\" id=\"wpforms-616-field_9_2\" name=\"wpforms[fields][9][]\" value=\"Piscina\" aria-errormessage=\"wpforms-616-field_9_2-error\"  ><label class=\"wpforms-field-label-inline\" for=\"wpforms-616-field_9_2\">Piscina<\/label><\/li><li class=\"choice-3 depth-1\"><input type=\"checkbox\" id=\"wpforms-616-field_9_3\" name=\"wpforms[fields][9][]\" value=\"Terraza\" aria-errormessage=\"wpforms-616-field_9_3-error\"  ><label class=\"wpforms-field-label-inline\" for=\"wpforms-616-field_9_3\">Terraza<\/label><\/li><\/ul><\/fieldset><\/div><\/div><!-- .wpforms-field-container --><div class=\"wpforms-submit-container\" ><input type=\"hidden\" name=\"wpforms[id]\" value=\"616\"><input type=\"hidden\" name=\"page_title\" value=\"\"><input type=\"hidden\" name=\"page_url\" value=\"https:\/\/letplanet.com\/en\/wp-json\/wp\/v2\/pages\/42\"><button type=\"submit\" name=\"wpforms[submit]\" id=\"wpforms-submit-616\" class=\"wpforms-submit\" data-alt-text=\"Enviando...\" data-submit-text=\"Enviar\" aria-live=\"assertive\" value=\"wpforms-submit\">Enviar<\/button><img decoding=\"async\" src=\"https:\/\/letplanet.com\/wp-content\/plugins\/wpforms\/assets\/images\/submit-spin.svg\" class=\"wpforms-submit-spinner\" style=\"display: none;\" width=\"26\" height=\"26\" alt=\"Loading\"><\/div><\/form><\/div>  <!-- .wpforms-container -->\t\t\t\t<\/div>\n\t\t\t\t<\/div>\n\t\t\t\t<\/div>\n\t\t\t\t<\/div>\n\t\t\t\t<\/div>\n\t\t","protected":false},"excerpt":{"rendered":"<p>\u00bfQuieres saber cu\u00e1nto podr\u00edas ganar con tu alquiler vacacional? D\u00e9janos tu correo y recibe un informe detallado de rentabilidad para [&hellip;]<\/p>\n","protected":false},"author":1,"featured_media":0,"parent":0,"menu_order":0,"comment_status":"closed","ping_status":"closed","template":"","meta":{"_acf_changed":false,"site-sidebar-layout":"no-sidebar","site-content-layout":"","ast-site-content-layout":"full-width-container","site-content-style":"default","site-sidebar-style":"default","ast-global-header-display":"","ast-banner-title-visibility":"","ast-main-header-display":"","ast-hfb-above-header-display":"","ast-hfb-below-header-display":"","ast-hfb-mobile-header-display":"","site-post-title":"disabled","ast-breadcrumbs-content":"","ast-featured-img":"disabled","footer-sml-layout":"","ast-disable-related-posts":"","theme-transparent-header-meta":"","adv-header-id-meta":"","stick-header-meta":"","header-above-stick-meta":"","header-main-stick-meta":"","header-below-stick-meta":"","astra-migrate-meta-layouts":"default","ast-page-background-enabled":"default","ast-page-background-meta":{"desktop":{"background-color":"var(--ast-global-color-4)","background-image":"","background-repeat":"repeat","background-position":"center center","background-size":"auto","background-attachment":"scroll","background-type":"","background-media":"","overlay-type":"","overlay-color":"","overlay-opacity":"","overlay-gradient":""},"tablet":{"background-color":"","background-image":"","background-repeat":"repeat","background-position":"center center","background-size":"auto","background-attachment":"scroll","background-type":"","background-media":"","overlay-type":"","overlay-color":"","overlay-opacity":"","overlay-gradient":""},"mobile":{"background-color":"","background-image":"","background-repeat":"repeat","background-position":"center center","background-size":"auto","background-attachment":"scroll","background-type":"","background-media":"","overlay-type":"","overlay-color":"","overlay-opacity":"","overlay-gradient":""}},"ast-content-background-meta":{"desktop":{"background-color":"var(--ast-global-color-5)","background-image":"","background-repeat":"repeat","background-position":"center center","background-size":"auto","background-attachment":"scroll","background-type":"","background-media":"","overlay-type":"","overlay-color":"","overlay-opacity":"","overlay-gradient":""},"tablet":{"background-color":"var(--ast-global-color-5)","background-image":"","background-repeat":"repeat","background-position":"center center","background-size":"auto","background-attachment":"scroll","background-type":"","background-media":"","overlay-type":"","overlay-color":"","overlay-opacity":"","overlay-gradient":""},"mobile":{"background-color":"var(--ast-global-color-5)","background-image":"","background-repeat":"repeat","background-position":"center center","background-size":"auto","background-attachment":"scroll","background-type":"","background-media":"","overlay-type":"","overlay-color":"","overlay-opacity":"","overlay-gradient":""}},"_joinchat":[],"footnotes":""},"class_list":["post-42","page","type-page","status-publish","hentry"],"acf":[],"yoast_head":"<!-- This site is optimized with the Yoast SEO plugin v27.4 - https:\/\/yoast.com\/product\/yoast-seo-wordpress\/ -->\n<title>Portal Privado de Propietarios -<\/title>\n<meta name=\"robots\" content=\"index, follow, max-snippet:-1, max-image-preview:large, max-video-preview:-1\" \/>\n<link rel=\"canonical\" href=\"https:\/\/letplanet.com\/en\/portal-privado-de-propietarios\/\" \/>\n<meta property=\"og:locale\" content=\"en_GB\" \/>\n<meta property=\"og:type\" content=\"article\" \/>\n<meta property=\"og:title\" content=\"Portal Privado de Propietarios -\" \/>\n<meta property=\"og:description\" content=\"\u00bfQuieres saber cu\u00e1nto podr\u00edas ganar con tu alquiler vacacional? D\u00e9janos tu correo y recibe un informe detallado de rentabilidad para [&hellip;]\" \/>\n<meta property=\"og:url\" content=\"https:\/\/letplanet.com\/en\/portal-privado-de-propietarios\/\" \/>\n<meta property=\"article:publisher\" content=\"https:\/\/www.facebook.com\/Letmalaga\" \/>\n<meta property=\"article:modified_time\" content=\"2025-02-11T09:27:45+00:00\" \/>\n<meta property=\"og:image\" content=\"https:\/\/letplanet.com\/wp-content\/uploads\/2024\/08\/PROPIETARIOS.webp\" \/>\n<meta name=\"twitter:card\" content=\"summary_large_image\" \/>\n<script type=\"application\/ld+json\" class=\"yoast-schema-graph\">{\"@context\":\"https:\\\/\\\/schema.org\",\"@graph\":[{\"@type\":\"WebPage\",\"@id\":\"https:\\\/\\\/letplanet.com\\\/portal-privado-de-propietarios\\\/\",\"url\":\"https:\\\/\\\/letplanet.com\\\/portal-privado-de-propietarios\\\/\",\"name\":\"Portal Privado de Propietarios -\",\"isPartOf\":{\"@id\":\"https:\\\/\\\/letplanet.com\\\/#website\"},\"primaryImageOfPage\":{\"@id\":\"https:\\\/\\\/letplanet.com\\\/portal-privado-de-propietarios\\\/#primaryimage\"},\"image\":{\"@id\":\"https:\\\/\\\/letplanet.com\\\/portal-privado-de-propietarios\\\/#primaryimage\"},\"thumbnailUrl\":\"https:\\\/\\\/letplanet.com\\\/wp-content\\\/uploads\\\/2024\\\/08\\\/PROPIETARIOS.webp\",\"datePublished\":\"2024-07-29T08:02:20+00:00\",\"dateModified\":\"2025-02-11T09:27:45+00:00\",\"breadcrumb\":{\"@id\":\"https:\\\/\\\/letplanet.com\\\/portal-privado-de-propietarios\\\/#breadcrumb\"},\"inLanguage\":\"en-GB\",\"potentialAction\":[{\"@type\":\"ReadAction\",\"target\":[\"https:\\\/\\\/letplanet.com\\\/portal-privado-de-propietarios\\\/\"]}]},{\"@type\":\"ImageObject\",\"inLanguage\":\"en-GB\",\"@id\":\"https:\\\/\\\/letplanet.com\\\/portal-privado-de-propietarios\\\/#primaryimage\",\"url\":\"https:\\\/\\\/letplanet.com\\\/wp-content\\\/uploads\\\/2024\\\/08\\\/PROPIETARIOS.webp\",\"contentUrl\":\"https:\\\/\\\/letplanet.com\\\/wp-content\\\/uploads\\\/2024\\\/08\\\/PROPIETARIOS.webp\"},{\"@type\":\"BreadcrumbList\",\"@id\":\"https:\\\/\\\/letplanet.com\\\/portal-privado-de-propietarios\\\/#breadcrumb\",\"itemListElement\":[{\"@type\":\"ListItem\",\"position\":1,\"name\":\"Portada\",\"item\":\"https:\\\/\\\/letplanet.com\\\/\"},{\"@type\":\"ListItem\",\"position\":2,\"name\":\"Portal Privado de Propietarios\"}]},{\"@type\":\"WebSite\",\"@id\":\"https:\\\/\\\/letplanet.com\\\/#website\",\"url\":\"https:\\\/\\\/letplanet.com\\\/\",\"name\":\"LetPlanet\",\"description\":\"Apartamentos tur\u00edsticos en M\u00e1laga\",\"publisher\":{\"@id\":\"https:\\\/\\\/letplanet.com\\\/#organization\"},\"alternateName\":\"letplanet\",\"potentialAction\":[{\"@type\":\"SearchAction\",\"target\":{\"@type\":\"EntryPoint\",\"urlTemplate\":\"https:\\\/\\\/letplanet.com\\\/?s={search_term_string}\"},\"query-input\":{\"@type\":\"PropertyValueSpecification\",\"valueRequired\":true,\"valueName\":\"search_term_string\"}}],\"inLanguage\":\"en-GB\"},{\"@type\":\"Organization\",\"@id\":\"https:\\\/\\\/letplanet.com\\\/#organization\",\"name\":\"LetPlanet\",\"url\":\"https:\\\/\\\/letplanet.com\\\/\",\"logo\":{\"@type\":\"ImageObject\",\"inLanguage\":\"en-GB\",\"@id\":\"https:\\\/\\\/letplanet.com\\\/#\\\/schema\\\/logo\\\/image\\\/\",\"url\":\"https:\\\/\\\/letplanet.com\\\/wp-content\\\/uploads\\\/2024\\\/07\\\/Logo_let_planet.png\",\"contentUrl\":\"https:\\\/\\\/letplanet.com\\\/wp-content\\\/uploads\\\/2024\\\/07\\\/Logo_let_planet.png\",\"width\":329,\"height\":66,\"caption\":\"LetPlanet\"},\"image\":{\"@id\":\"https:\\\/\\\/letplanet.com\\\/#\\\/schema\\\/logo\\\/image\\\/\"},\"sameAs\":[\"https:\\\/\\\/www.facebook.com\\\/Letmalaga\",\"https:\\\/\\\/www.instagram.com\\\/letplanetmoments\\\/\"]}]}<\/script>\n<!-- \/ Yoast SEO plugin. -->","yoast_head_json":{"title":"Portal Privado de Propietarios -","robots":{"index":"index","follow":"follow","max-snippet":"max-snippet:-1","max-image-preview":"max-image-preview:large","max-video-preview":"max-video-preview:-1"},"canonical":"https:\/\/letplanet.com\/en\/portal-privado-de-propietarios\/","og_locale":"en_GB","og_type":"article","og_title":"Portal Privado de Propietarios -","og_description":"\u00bfQuieres saber cu\u00e1nto podr\u00edas ganar con tu alquiler vacacional? D\u00e9janos tu correo y recibe un informe detallado de rentabilidad para [&hellip;]","og_url":"https:\/\/letplanet.com\/en\/portal-privado-de-propietarios\/","article_publisher":"https:\/\/www.facebook.com\/Letmalaga","article_modified_time":"2025-02-11T09:27:45+00:00","og_image":[{"url":"https:\/\/letplanet.com\/wp-content\/uploads\/2024\/08\/PROPIETARIOS.webp","type":"","width":"","height":""}],"twitter_card":"summary_large_image","schema":{"@context":"https:\/\/schema.org","@graph":[{"@type":"WebPage","@id":"https:\/\/letplanet.com\/portal-privado-de-propietarios\/","url":"https:\/\/letplanet.com\/portal-privado-de-propietarios\/","name":"Portal Privado de Propietarios -","isPartOf":{"@id":"https:\/\/letplanet.com\/#website"},"primaryImageOfPage":{"@id":"https:\/\/letplanet.com\/portal-privado-de-propietarios\/#primaryimage"},"image":{"@id":"https:\/\/letplanet.com\/portal-privado-de-propietarios\/#primaryimage"},"thumbnailUrl":"https:\/\/letplanet.com\/wp-content\/uploads\/2024\/08\/PROPIETARIOS.webp","datePublished":"2024-07-29T08:02:20+00:00","dateModified":"2025-02-11T09:27:45+00:00","breadcrumb":{"@id":"https:\/\/letplanet.com\/portal-privado-de-propietarios\/#breadcrumb"},"inLanguage":"en-GB","potentialAction":[{"@type":"ReadAction","target":["https:\/\/letplanet.com\/portal-privado-de-propietarios\/"]}]},{"@type":"ImageObject","inLanguage":"en-GB","@id":"https:\/\/letplanet.com\/portal-privado-de-propietarios\/#primaryimage","url":"https:\/\/letplanet.com\/wp-content\/uploads\/2024\/08\/PROPIETARIOS.webp","contentUrl":"https:\/\/letplanet.com\/wp-content\/uploads\/2024\/08\/PROPIETARIOS.webp"},{"@type":"BreadcrumbList","@id":"https:\/\/letplanet.com\/portal-privado-de-propietarios\/#breadcrumb","itemListElement":[{"@type":"ListItem","position":1,"name":"Portada","item":"https:\/\/letplanet.com\/"},{"@type":"ListItem","position":2,"name":"Portal Privado de Propietarios"}]},{"@type":"WebSite","@id":"https:\/\/letplanet.com\/#website","url":"https:\/\/letplanet.com\/","name":"LetPlanet","description":"Tourist flats in Malaga","publisher":{"@id":"https:\/\/letplanet.com\/#organization"},"alternateName":"letplanet","potentialAction":[{"@type":"SearchAction","target":{"@type":"EntryPoint","urlTemplate":"https:\/\/letplanet.com\/?s={search_term_string}"},"query-input":{"@type":"PropertyValueSpecification","valueRequired":true,"valueName":"search_term_string"}}],"inLanguage":"en-GB"},{"@type":"Organization","@id":"https:\/\/letplanet.com\/#organization","name":"LetPlanet","url":"https:\/\/letplanet.com\/","logo":{"@type":"ImageObject","inLanguage":"en-GB","@id":"https:\/\/letplanet.com\/#\/schema\/logo\/image\/","url":"https:\/\/letplanet.com\/wp-content\/uploads\/2024\/07\/Logo_let_planet.png","contentUrl":"https:\/\/letplanet.com\/wp-content\/uploads\/2024\/07\/Logo_let_planet.png","width":329,"height":66,"caption":"LetPlanet"},"image":{"@id":"https:\/\/letplanet.com\/#\/schema\/logo\/image\/"},"sameAs":["https:\/\/www.facebook.com\/Letmalaga","https:\/\/www.instagram.com\/letplanetmoments\/"]}]}},"_links":{"self":[{"href":"https:\/\/letplanet.com\/en\/wp-json\/wp\/v2\/pages\/42","targetHints":{"allow":["GET"]}}],"collection":[{"href":"https:\/\/letplanet.com\/en\/wp-json\/wp\/v2\/pages"}],"about":[{"href":"https:\/\/letplanet.com\/en\/wp-json\/wp\/v2\/types\/page"}],"author":[{"embeddable":true,"href":"https:\/\/letplanet.com\/en\/wp-json\/wp\/v2\/users\/1"}],"replies":[{"embeddable":true,"href":"https:\/\/letplanet.com\/en\/wp-json\/wp\/v2\/comments?post=42"}],"version-history":[{"count":64,"href":"https:\/\/letplanet.com\/en\/wp-json\/wp\/v2\/pages\/42\/revisions"}],"predecessor-version":[{"id":2673,"href":"https:\/\/letplanet.com\/en\/wp-json\/wp\/v2\/pages\/42\/revisions\/2673"}],"wp:attachment":[{"href":"https:\/\/letplanet.com\/en\/wp-json\/wp\/v2\/media?parent=42"}],"curies":[{"name":"wp","href":"https:\/\/api.w.org\/{rel}","templated":true}]}}